{"id":7222,"date":"2018-07-17T15:28:36","date_gmt":"2018-07-17T13:28:36","guid":{"rendered":"http:\/\/www.fmiv.nu\/wordpress\/?page_id=7222"},"modified":"2024-03-05T14:42:03","modified_gmt":"2024-03-05T13:42:03","slug":"policy-mot-narkotika-alkohol-mv","status":"publish","type":"page","link":"https:\/\/www.fmiv.nu\/wordpress\/?page_id=7222","title":{"rendered":"Policy mot alkohol och narkotika"},"content":{"rendered":"<h3 class=\"western\"><span style=\"font-family: Tahoma, sans-serif;\"><span style=\"font-size: medium;\">Folkr\u00f6relsernas medief\u00f6rening i V\u00e4ster\u00e5s policy mot alkohol, narkotika, dopning och tobak.<\/span><\/span><\/h3>\n<p class=\"western\"><span style=\"font-family: Tahoma, sans-serif;\"><span style=\"font-size: medium;\">F\u00f6reningens lokaler ska vara helt fria fr\u00e5n narkotika, dopning, r\u00f6ktobak och alkohol.<\/span><\/span><\/p>\n<p class=\"western\"><span style=\"font-family: Tahoma, sans-serif;\"><span style=\"font-size: medium;\">FMiV har nolltolerans mot narkotika och dopning i f\u00f6reningens lokaler.<\/span><\/span><\/p>\n<p class=\"western\"><span style=\"font-family: Tahoma, sans-serif;\"><span style=\"font-size: medium;\">R\u00f6ktobak f\u00e5r inte f\u00f6rekomma i f\u00f6reningens lokaler. FMiV arbetar f\u00f6r att minska allt tobaksbruk och f\u00f6r att f\u00f6rhindra att minder\u00e5riga b\u00f6rjar anv\u00e4nda tobak i n\u00e5gon form.<\/span><\/span><\/p>\n<p class=\"western\"><span style=\"font-family: Tahoma, sans-serif;\"><span style=\"font-size: medium;\">Alkohol f\u00e5r inte f\u00f6rekomma i f\u00f6reningens lokaler.<\/span><\/span><\/p>\n","protected":false},"excerpt":{"rendered":"<p>Folkr\u00f6relsernas medief\u00f6rening i V\u00e4ster\u00e5s policy mot alkohol, narkotika, dopning och tobak. F\u00f6reningens lokaler ska vara helt fria fr\u00e5n narkotika, dopning, r\u00f6ktobak och alkohol. FMiV har nolltolerans mot narkotika och dopning i f\u00f6reningens lokaler. R\u00f6ktobak f\u00e5r inte f\u00f6rekomma i f\u00f6reningens lokaler. FMiV arbetar f\u00f6r att minska allt tobaksbruk och f\u00f6r att f\u00f6rhindra att minder\u00e5riga b\u00f6rjar anv\u00e4nda&hellip;&nbsp;<a href=\"https:\/\/www.fmiv.nu\/wordpress\/?page_id=7222\" rel=\"bookmark\">Read More &raquo;<span class=\"screen-reader-text\">Policy mot alkohol och narkotika<\/span><\/a><\/p>\n","protected":false},"author":9,"featured_media":0,"parent":0,"menu_order":0,"comment_status":"closed","ping_status":"closed","template":"","meta":{"neve_meta_sidebar":"","neve_meta_container":"","neve_meta_enable_content_width":"","neve_meta_content_width":0,"neve_meta_title_alignment":"","neve_meta_author_avatar":"","neve_post_elements_order":"","neve_meta_disable_header":"","neve_meta_disable_footer":"","neve_meta_disable_title":"","neve_meta_reading_time":"","footnotes":""},"class_list":["post-7222","page","type-page","status-publish","hentry"],"_links":{"self":[{"href":"https:\/\/www.fmiv.nu\/wordpress\/index.php?rest_route=\/wp\/v2\/pages\/7222","targetHints":{"allow":["GET"]}}],"collection":[{"href":"https:\/\/www.fmiv.nu\/wordpress\/index.php?rest_route=\/wp\/v2\/pages"}],"about":[{"href":"https:\/\/www.fmiv.nu\/wordpress\/index.php?rest_route=\/wp\/v2\/types\/page"}],"author":[{"embeddable":true,"href":"https:\/\/www.fmiv.nu\/wordpress\/index.php?rest_route=\/wp\/v2\/users\/9"}],"replies":[{"embeddable":true,"href":"https:\/\/www.fmiv.nu\/wordpress\/index.php?rest_route=%2Fwp%2Fv2%2Fcomments&post=7222"}],"version-history":[{"count":3,"href":"https:\/\/www.fmiv.nu\/wordpress\/index.php?rest_route=\/wp\/v2\/pages\/7222\/revisions"}],"predecessor-version":[{"id":11335,"href":"https:\/\/www.fmiv.nu\/wordpress\/index.php?rest_route=\/wp\/v2\/pages\/7222\/revisions\/11335"}],"wp:attachment":[{"href":"https:\/\/www.fmiv.nu\/wordpress\/index.php?rest_route=%2Fwp%2Fv2%2Fmedia&parent=7222"}],"curies":[{"name":"wp","href":"https:\/\/api.w.org\/{rel}","templated":true}]}}