{"id":6403,"date":"2018-04-06T13:49:31","date_gmt":"2018-04-06T11:49:31","guid":{"rendered":"http:\/\/www.fmiv.nu\/wordpress\/?page_id=6403"},"modified":"2026-02-12T14:42:40","modified_gmt":"2026-02-12T13:42:40","slug":"vara-program-2","status":"publish","type":"page","link":"https:\/\/www.fmiv.nu\/wordpress\/?page_id=6403","title":{"rendered":"Programinformation med mer"},"content":{"rendered":"\n<p>H\u00e4r f\u00f6ljer en lista \u00f6ver aktuella program som V\u00e4ster\u00e5s N\u00e4rradio s\u00e4nder. Klicka p\u00e5 programtitlarna s\u00e5 hittar du mer information om programmet och d\u00e4r kan du i vissa fall \u00e4ven lyssna p\u00e5 programmen i efterhand.<\/p>\n\n\n\n<p><\/p>\n\n\n\n<p><span style=\"text-decoration: underline;\"><\/span><\/p>\n\n\n\n<ul class=\"wp-block-list\">\n<li><strong><a href=\"https:\/\/www.fmiv.nu\/wordpress\/?page_id=17373\">Allt annat \u00e4n PK<\/a><\/strong><\/li>\n\n\n\n<li><strong><a href=\"https:\/\/www.fmiv.nu\/wordpress\/?page_id=20333\">DRMT Den r\u00f6da musik tr\u00e5den<\/a><\/strong><\/li>\n\n\n\n<li><strong><span style=\"text-decoration: underline;\"><a href=\"https:\/\/www.fmiv.nu\/wordpress\/?page_id=11950\">Eben Ezer<\/a><\/span><\/strong><\/li>\n\n\n\n<li><strong><a href=\"https:\/\/www.fmiv.nu\/wordpress\/?page_id=20284\">Hog Farm<\/a><\/strong><\/li>\n\n\n\n<li><a href=\"https:\/\/www.fmiv.nu\/wordpress\/?page_id=11962\"><span style=\"text-decoration: underline;\"><strong>Kommunfullm\u00e4ktige i V\u00e4ster\u00e5s<\/strong><\/span><\/a><\/li>\n\n\n\n<li><strong><a href=\"https:\/\/www.fmiv.nu\/wordpress\/?page_id=17577\" target=\"_blank\" rel=\"noreferrer noopener\">Red Dirt Country hour<\/a><\/strong><\/li>\n\n\n\n<li><strong><a href=\"https:\/\/www.fmiv.nu\/wordpress\/?page_id=15881\" target=\"_blank\" rel=\"noreferrer noopener\">Vad h\u00e4nder p\u00e5 CuLTUREN?<\/a><\/strong><\/li>\n\n\n\n<li><span style=\"text-decoration: underline;\"><strong><a href=\"https:\/\/www.fmiv.nu\/wordpress\/?page_id=18167\">P\u00e5 g\u00e5ng i V\u00e4ster\u00e5s<\/a><\/strong><\/span><\/li>\n<\/ul>\n\n\n\n<p><\/p>\n","protected":false},"excerpt":{"rendered":"<p>H\u00e4r f\u00f6ljer en lista \u00f6ver aktuella program som V\u00e4ster\u00e5s N\u00e4rradio s\u00e4nder. Klicka p\u00e5 programtitlarna s\u00e5 hittar du mer information om programmet och d\u00e4r kan du i vissa fall \u00e4ven lyssna p\u00e5 programmen i efterhand.<\/p>\n","protected":false},"author":9,"featured_media":0,"parent":0,"menu_order":0,"comment_status":"closed","ping_status":"closed","template":"","meta":{"neve_meta_sidebar":"","neve_meta_container":"","neve_meta_enable_content_width":"","neve_meta_content_width":0,"neve_meta_title_alignment":"","neve_meta_author_avatar":"","neve_post_elements_order":"","neve_meta_disable_header":"","neve_meta_disable_footer":"","neve_meta_disable_title":"","neve_meta_reading_time":"","footnotes":""},"class_list":["post-6403","page","type-page","status-publish","hentry"],"_links":{"self":[{"href":"https:\/\/www.fmiv.nu\/wordpress\/index.php?rest_route=\/wp\/v2\/pages\/6403","targetHints":{"allow":["GET"]}}],"collection":[{"href":"https:\/\/www.fmiv.nu\/wordpress\/index.php?rest_route=\/wp\/v2\/pages"}],"about":[{"href":"https:\/\/www.fmiv.nu\/wordpress\/index.php?rest_route=\/wp\/v2\/types\/page"}],"author":[{"embeddable":true,"href":"https:\/\/www.fmiv.nu\/wordpress\/index.php?rest_route=\/wp\/v2\/users\/9"}],"replies":[{"embeddable":true,"href":"https:\/\/www.fmiv.nu\/wordpress\/index.php?rest_route=%2Fwp%2Fv2%2Fcomments&post=6403"}],"version-history":[{"count":82,"href":"https:\/\/www.fmiv.nu\/wordpress\/index.php?rest_route=\/wp\/v2\/pages\/6403\/revisions"}],"predecessor-version":[{"id":20411,"href":"https:\/\/www.fmiv.nu\/wordpress\/index.php?rest_route=\/wp\/v2\/pages\/6403\/revisions\/20411"}],"wp:attachment":[{"href":"https:\/\/www.fmiv.nu\/wordpress\/index.php?rest_route=%2Fwp%2Fv2%2Fmedia&parent=6403"}],"curies":[{"name":"wp","href":"https:\/\/api.w.org\/{rel}","templated":true}]}}