{"id":6372,"date":"2018-04-06T10:51:42","date_gmt":"2018-04-06T08:51:42","guid":{"rendered":"http:\/\/www.fmiv.nu\/wordpress\/?page_id=6372"},"modified":"2026-03-27T10:14:28","modified_gmt":"2026-03-27T09:14:28","slug":"kurser-2","status":"publish","type":"page","link":"https:\/\/www.fmiv.nu\/wordpress\/?page_id=6372","title":{"rendered":"Kurser i podd och radioproduktion 2026"},"content":{"rendered":"\n<figure class=\"wp-block-image size-full\"><a href=\"https:\/\/www.fmiv.nu\/wordpress\/wp-content\/uploads\/2024\/09\/Radiokurs-collage-forminskad.png\"><img loading=\"lazy\" decoding=\"async\" width=\"383\" height=\"306\" src=\"https:\/\/www.fmiv.nu\/wordpress\/wp-content\/uploads\/2024\/09\/Radiokurs-collage-forminskad.png\" alt=\"\" class=\"wp-image-17955\" srcset=\"https:\/\/www.fmiv.nu\/wordpress\/wp-content\/uploads\/2024\/09\/Radiokurs-collage-forminskad.png 383w, https:\/\/www.fmiv.nu\/wordpress\/wp-content\/uploads\/2024\/09\/Radiokurs-collage-forminskad-300x240.png 300w\" sizes=\"auto, (max-width: 383px) 100vw, 383px\" \/><\/a><\/figure>\n\n\n\n<p>Vi p\u00e5 V\u00e4ster\u00e5s N\u00e4rradio ordnar kurser f\u00f6r allm\u00e4nheten i syfte att du efter lite \u00f6vning ska kunna g\u00f6ra egna program \/ genomf\u00f6ra egna radios\u00e4ndningar. Du kommer att f\u00e5 l\u00e4ra dig hur radioutrustningen fungerar samt hur man g\u00f6r direkts\u00e4ndningar. Vi g\u00e5r igenom inspelningsteknik samt hur du redigerar inspelat material f\u00f6r att till exempel g\u00f6ra din egen podd. Du f\u00e5r dessutom tips och trix i hur du redigerar en inspelning genom att klippa bort o\u00f6nskat material, hur du \u201df\u00f6rb\u00e4ttrar\u201d ljudet, samt att l\u00e4ra dig hur du skapar en intressant podd genom att blanda tal och musik, l\u00e4gga till bakgrundsmilj\u00f6er och andra ljudeffekter.<\/p>\n\n\n\n<p>Redigeringsprogrammet vi anv\u00e4nder heter REAPER. Det \u00e4r ett gratisprogram som finns att ladda ner p\u00e5 med f\u00f6ljande l\u00e4nk <a href=\" https:\/\/www.reaper.fm\/\">https:\/\/www.reaper.fm\/<\/a>.<\/p>\n\n\n\n<p>H\u00e4r nedanf\u00f6r finns en podd som kursdeltagarna v\u00e5rterminen 2026 var med att producera. Medverkar g\u00f6r \u00e4ven <strong>Arez Mohamadi<\/strong>, sociolog, analytiker och irank\u00e4nnare.<\/p>\n\n\n\n<figure class=\"wp-block-audio\"><audio controls src=\"https:\/\/www.fmiv.nu\/wordpress\/wp-content\/uploads\/2026\/03\/Intervju-med-Arez-Mohamadi-VT-2026.mp3\"><\/audio><\/figure>\n\n\n\n<p>Du anm\u00e4ler dig till en kurs genom att ringa eller mejla till stationsledaren Klaas Vleugels, 021 3723932 \/ info(at)fmiv.nu Max 4 personer per g\u00e5ng.<\/p>\n\n\n\n<p>Avgiften per kurstillf\u00e4lle \u00e4r 300 kr men f\u00f6r skol- och gymnasieungdomar \u00e4r det ingen avgift. Betalning sker mot faktura.<\/p>\n\n\n\n<p>Radiostudion ligger p\u00e5 bottenplanet i Culturen, till v\u00e4nster om Elektra Bio och bredvid hissen.<\/p>\n\n\n\n<p>Kurstillf\u00e4llena har varit, n\u00e4sta g\u00e5ng blir p\u00e5 h\u00f6stterminen.<\/p>\n\n\n\n<p><\/p>\n\n\n\n<p><\/p>\n\n\n\n<p><\/p>\n\n\n\n<p><\/p>\n\n\n\n<p><\/p>\n\n\n\n<p><\/p>\n\n\n\n<p><\/p>\n\n\n\n<p><\/p>\n\n\n\n<p><\/p>\n\n\n\n<p><\/p>\n\n\n\n<p><\/p>\n\n\n\n<p><\/p>\n\n\n\n<p><\/p>\n\n\n\n<p><\/p>\n\n\n\n<p><\/p>\n\n\n\n<p><\/p>\n\n\n\n<p><\/p>\n\n\n\n<p><\/p>\n\n\n\n<p><\/p>\n\n\n\n<p><\/p>\n\n\n\n<p><\/p>\n\n\n\n<p><\/p>\n","protected":false},"excerpt":{"rendered":"<p>Vi p\u00e5 V\u00e4ster\u00e5s N\u00e4rradio ordnar kurser f\u00f6r allm\u00e4nheten i syfte att du efter lite \u00f6vning ska kunna g\u00f6ra egna program \/ genomf\u00f6ra egna radios\u00e4ndningar. Du kommer att f\u00e5 l\u00e4ra dig hur radioutrustningen fungerar samt hur man g\u00f6r direkts\u00e4ndningar. Vi g\u00e5r igenom inspelningsteknik samt hur du redigerar inspelat material f\u00f6r att till exempel g\u00f6ra din egen&hellip;&nbsp;<a href=\"https:\/\/www.fmiv.nu\/wordpress\/?page_id=6372\" rel=\"bookmark\">Read More &raquo;<span class=\"screen-reader-text\">Kurser i podd och radioproduktion 2026<\/span><\/a><\/p>\n","protected":false},"author":9,"featured_media":0,"parent":0,"menu_order":0,"comment_status":"closed","ping_status":"closed","template":"","meta":{"neve_meta_sidebar":"","neve_meta_container":"","neve_meta_enable_content_width":"","neve_meta_content_width":0,"neve_meta_title_alignment":"","neve_meta_author_avatar":"","neve_post_elements_order":"","neve_meta_disable_header":"","neve_meta_disable_footer":"","neve_meta_disable_title":"","neve_meta_reading_time":"","footnotes":""},"class_list":["post-6372","page","type-page","status-publish","hentry"],"_links":{"self":[{"href":"https:\/\/www.fmiv.nu\/wordpress\/index.php?rest_route=\/wp\/v2\/pages\/6372","targetHints":{"allow":["GET"]}}],"collection":[{"href":"https:\/\/www.fmiv.nu\/wordpress\/index.php?rest_route=\/wp\/v2\/pages"}],"about":[{"href":"https:\/\/www.fmiv.nu\/wordpress\/index.php?rest_route=\/wp\/v2\/types\/page"}],"author":[{"embeddable":true,"href":"https:\/\/www.fmiv.nu\/wordpress\/index.php?rest_route=\/wp\/v2\/users\/9"}],"replies":[{"embeddable":true,"href":"https:\/\/www.fmiv.nu\/wordpress\/index.php?rest_route=%2Fwp%2Fv2%2Fcomments&post=6372"}],"version-history":[{"count":128,"href":"https:\/\/www.fmiv.nu\/wordpress\/index.php?rest_route=\/wp\/v2\/pages\/6372\/revisions"}],"predecessor-version":[{"id":20624,"href":"https:\/\/www.fmiv.nu\/wordpress\/index.php?rest_route=\/wp\/v2\/pages\/6372\/revisions\/20624"}],"wp:attachment":[{"href":"https:\/\/www.fmiv.nu\/wordpress\/index.php?rest_route=%2Fwp%2Fv2%2Fmedia&parent=6372"}],"curies":[{"name":"wp","href":"https:\/\/api.w.org\/{rel}","templated":true}]}}