{"id":6363,"date":"2018-04-06T10:43:22","date_gmt":"2018-04-06T08:43:22","guid":{"rendered":"http:\/\/www.fmiv.nu\/wordpress\/?page_id=6363"},"modified":"2024-03-05T14:54:29","modified_gmt":"2024-03-05T13:54:29","slug":"vill-du-sanda-radiopodcast","status":"publish","type":"page","link":"https:\/\/www.fmiv.nu\/wordpress\/?page_id=6363","title":{"rendered":"Vill du s\u00e4nda radio\/podcast?"},"content":{"rendered":"<p>H\u00e4r f\u00f6ljer lite information om n\u00e4rradion till dig som \u00e4r intresserad av att s\u00e4nda program.<\/p>\n<p>V\u00e5r radio 93,7 MHz \u00e4r en <em>n\u00e4rradio<\/em> till skillnad fr\u00e5n publicservice radio och reklamfinansierad radio som finns i Sverige. Syfte \u00e4r att ge vanligt folk m\u00f6jlighet att f\u00e5 l\u00e4tt tillg\u00e5ng till att yttra sig i massmedia, dvs radio, om det som de sj\u00e4lva tycker \u00e4r viktigt. Alla v\u00e5ra s\u00e4ndningar s\u00e4nds parallellt som webbradio p\u00e5 <a href=\"http:\/\/www.fmiv.nu\" target=\"_blank\" rel=\"noopener noreferrer\">www.fmiv.nu<\/a>. D\u00e4rf\u00f6r kan lyssna p\u00e5 oss \u00e4ven om man till exempel \u00e4r i Tokyo eller Brisbane.<\/p>\n<h1>Vad f\u00e5r man s\u00e4nda i n\u00e4rradion?<\/h1>\n<p>Du f\u00e5r s\u00e4nda i princip vad som helt! Det \u00e4r bara gr\u00e4nserna f\u00f6r yttrandefriheten som g\u00e4ller, dvs att man inte f\u00e5r hota, kr\u00e4nka eller diskriminera, bedriva rasism eller uppmana till terrorhandlingar. Kort sagt: sunt f\u00f6rnuft och vanlig anst\u00e4ndighet.<\/p>\n<p>H\u00e4r \u00e4r n\u00e5gra \u00e4mnen som vi har och har haft i n\u00e4rradion: jazz, politik, samh\u00e4lle, \u00e4ldre popul\u00e4rmusik, radioteater f\u00f6r barn, ungdomspoddar, gudstj\u00e4nster, country, s\u00e4ndning av kommunfullm\u00e4ktige, veckans poplista, DX-ing (att lyssna p\u00e5 radio fr\u00e5n hela v\u00e4lden), sommarradio, program om den kristna mystikern Martinus, melodifestival, hyresg\u00e4stens situation, rock&#8217;n&#8217;roll, Summer Meet Radio, reseprogram m m.<\/p>\n<p>Om du har ett speciellt intresse kan du g\u00f6ra radio om det. Det kan vara ridning, politik, tr\u00e4dg\u00e5rd, ungdomslivet, fiske, milj\u00f6arbete, bilism, cykling, litteratur, boxning, schack, frim\u00e4rken, filosofi, utbildning, veganmat, teater, religion, film, spel, vegetarisk mat, osv osv. Kort sagt allt som folk kan intressera sig f\u00f6r, och det \u00e4r mycket!<\/p>\n<p>Vi f\u00e5r ocks\u00e5 ofta fr\u00e5gan om man f\u00e5r sv\u00e4ra i radion. Ja, det f\u00e5r man om man vill. Det \u00e4r inte f\u00f6rbjudet. Men t\u00e4nk p\u00e5 att lyssnarna kanske reagerar negativt p\u00e5 det och d\u00e5 f\u00e5r man kanske f\u00e4rre lyssnare till sitt program.<\/p>\n<p>Vi f\u00e5r ofta fr\u00e5gan om man f\u00e5r s\u00e4nda politiska program. Ja! Det f\u00e5r man mycket g\u00e4rna g\u00f6ra! Politik \u00e4r k\u00e4rnan i demokratin. Om du tillh\u00f6r ett politiskt parti eller en politisk gruppering eller vill starta ett helt nytt parti eller en r\u00f6relse f\u00e5r du j\u00e4tteg\u00e4rna s\u00e4nda i n\u00e4rradion. N\u00e4rradion sj\u00e4lv \u00e4r opolitisk. Vi tar aldrig st\u00e4llning i politiska fr\u00e5gor och vi bedriver inte politisk censur. Vi f\u00f6rs\u00f6ker att f\u00e5 alla politiska grupperingar att anv\u00e4nda n\u00e4rradion. Ju fler som s\u00e4nder i n\u00e4rradion ju mer allsidiga blir vi.<\/p>\n<p>N\u00e4rradion har inget krav p\u00e5 att vara allsidig p\u00e5 samma s\u00e4tt som public service. Till exempel: Vi beh\u00f6ver allts\u00e5 inte v\u00e4ga upp ett v\u00e4nsterorienterat program med ett h\u00f6gerorienterad eller ett veganprogram med ett k\u00f6ttprogram.<br \/>\nI ditt program beh\u00f6ver du inte heller vara allsidig. Du kan g\u00f6ra din grej i n\u00e4rradion och om andra tycker annorlunda kan de g\u00f6ra sin grej i n\u00e4rradion. N\u00e4rradion \u00e4r ett bra medel f\u00f6r att skapa debatt och debatter \u00e4r viktiga f\u00f6r samh\u00e4llet.<\/p>\n","protected":false},"excerpt":{"rendered":"<p>H\u00e4r f\u00f6ljer lite information om n\u00e4rradion till dig som \u00e4r intresserad av att s\u00e4nda program. V\u00e5r radio 93,7 MHz \u00e4r en n\u00e4rradio till skillnad fr\u00e5n publicservice radio och reklamfinansierad radio som finns i Sverige. Syfte \u00e4r att ge vanligt folk m\u00f6jlighet att f\u00e5 l\u00e4tt tillg\u00e5ng till att yttra sig i massmedia, dvs radio, om det&hellip;&nbsp;<a href=\"https:\/\/www.fmiv.nu\/wordpress\/?page_id=6363\" rel=\"bookmark\">Read More &raquo;<span class=\"screen-reader-text\">Vill du s\u00e4nda radio\/podcast?<\/span><\/a><\/p>\n","protected":false},"author":9,"featured_media":0,"parent":0,"menu_order":0,"comment_status":"closed","ping_status":"closed","template":"","meta":{"neve_meta_sidebar":"","neve_meta_container":"","neve_meta_enable_content_width":"","neve_meta_content_width":0,"neve_meta_title_alignment":"","neve_meta_author_avatar":"","neve_post_elements_order":"","neve_meta_disable_header":"","neve_meta_disable_footer":"","neve_meta_disable_title":"","neve_meta_reading_time":"","footnotes":""},"class_list":["post-6363","page","type-page","status-publish","hentry"],"_links":{"self":[{"href":"https:\/\/www.fmiv.nu\/wordpress\/index.php?rest_route=\/wp\/v2\/pages\/6363","targetHints":{"allow":["GET"]}}],"collection":[{"href":"https:\/\/www.fmiv.nu\/wordpress\/index.php?rest_route=\/wp\/v2\/pages"}],"about":[{"href":"https:\/\/www.fmiv.nu\/wordpress\/index.php?rest_route=\/wp\/v2\/types\/page"}],"author":[{"embeddable":true,"href":"https:\/\/www.fmiv.nu\/wordpress\/index.php?rest_route=\/wp\/v2\/users\/9"}],"replies":[{"embeddable":true,"href":"https:\/\/www.fmiv.nu\/wordpress\/index.php?rest_route=%2Fwp%2Fv2%2Fcomments&post=6363"}],"version-history":[{"count":6,"href":"https:\/\/www.fmiv.nu\/wordpress\/index.php?rest_route=\/wp\/v2\/pages\/6363\/revisions"}],"predecessor-version":[{"id":11334,"href":"https:\/\/www.fmiv.nu\/wordpress\/index.php?rest_route=\/wp\/v2\/pages\/6363\/revisions\/11334"}],"wp:attachment":[{"href":"https:\/\/www.fmiv.nu\/wordpress\/index.php?rest_route=%2Fwp%2Fv2%2Fmedia&parent=6363"}],"curies":[{"name":"wp","href":"https:\/\/api.w.org\/{rel}","templated":true}]}}