{"id":6346,"date":"2018-04-06T10:35:29","date_gmt":"2018-04-06T08:35:29","guid":{"rendered":"http:\/\/www.fmiv.nu\/wordpress\/?page_id=6346"},"modified":"2025-05-02T09:13:59","modified_gmt":"2025-05-02T07:13:59","slug":"kontakta-oss","status":"publish","type":"page","link":"https:\/\/www.fmiv.nu\/wordpress\/?page_id=6346","title":{"rendered":"Kontakt"},"content":{"rendered":"\n<figure class=\"wp-block-image size-full is-resized\"><a href=\"https:\/\/www.fmiv.nu\/wordpress\/wp-content\/uploads\/2025\/05\/Kontaktbild.png\"><img loading=\"lazy\" decoding=\"async\" width=\"684\" height=\"684\" src=\"https:\/\/www.fmiv.nu\/wordpress\/wp-content\/uploads\/2025\/05\/Kontaktbild.png\" alt=\"\" class=\"wp-image-19179\" style=\"aspect-ratio:1.141025641025641;width:210px;height:auto\" srcset=\"https:\/\/www.fmiv.nu\/wordpress\/wp-content\/uploads\/2025\/05\/Kontaktbild.png 684w, https:\/\/www.fmiv.nu\/wordpress\/wp-content\/uploads\/2025\/05\/Kontaktbild-300x300.png 300w, https:\/\/www.fmiv.nu\/wordpress\/wp-content\/uploads\/2025\/05\/Kontaktbild-150x150.png 150w\" sizes=\"auto, (max-width: 684px) 100vw, 684px\" \/><\/a><\/figure>\n\n\n\n<pre class=\"wp-block-preformatted\"> Bes\u00f6ksadress:  \n Culturen \n Sinterv\u00e4gen 6\n 721 30 V\u00e4ster\u00e5s \n\n<\/pre>\n\n\n\n<p><\/p>\n","protected":false},"excerpt":{"rendered":"<p>Bes\u00f6ksadress: Culturen Sinterv\u00e4gen 6 721 30 V\u00e4ster\u00e5s<\/p>\n","protected":false},"author":9,"featured_media":0,"parent":0,"menu_order":0,"comment_status":"closed","ping_status":"closed","template":"","meta":{"neve_meta_sidebar":"","neve_meta_container":"","neve_meta_enable_content_width":"","neve_meta_content_width":0,"neve_meta_title_alignment":"","neve_meta_author_avatar":"","neve_post_elements_order":"","neve_meta_disable_header":"","neve_meta_disable_footer":"","neve_meta_disable_title":"","neve_meta_reading_time":"","footnotes":""},"class_list":["post-6346","page","type-page","status-publish","hentry"],"_links":{"self":[{"href":"https:\/\/www.fmiv.nu\/wordpress\/index.php?rest_route=\/wp\/v2\/pages\/6346","targetHints":{"allow":["GET"]}}],"collection":[{"href":"https:\/\/www.fmiv.nu\/wordpress\/index.php?rest_route=\/wp\/v2\/pages"}],"about":[{"href":"https:\/\/www.fmiv.nu\/wordpress\/index.php?rest_route=\/wp\/v2\/types\/page"}],"author":[{"embeddable":true,"href":"https:\/\/www.fmiv.nu\/wordpress\/index.php?rest_route=\/wp\/v2\/users\/9"}],"replies":[{"embeddable":true,"href":"https:\/\/www.fmiv.nu\/wordpress\/index.php?rest_route=%2Fwp%2Fv2%2Fcomments&post=6346"}],"version-history":[{"count":15,"href":"https:\/\/www.fmiv.nu\/wordpress\/index.php?rest_route=\/wp\/v2\/pages\/6346\/revisions"}],"predecessor-version":[{"id":19180,"href":"https:\/\/www.fmiv.nu\/wordpress\/index.php?rest_route=\/wp\/v2\/pages\/6346\/revisions\/19180"}],"wp:attachment":[{"href":"https:\/\/www.fmiv.nu\/wordpress\/index.php?rest_route=%2Fwp%2Fv2%2Fmedia&parent=6346"}],"curies":[{"name":"wp","href":"https:\/\/api.w.org\/{rel}","templated":true}]}}