{"id":18167,"date":"2024-11-13T08:38:58","date_gmt":"2024-11-13T07:38:58","guid":{"rendered":"https:\/\/www.fmiv.nu\/wordpress\/?page_id=18167"},"modified":"2025-04-30T10:28:08","modified_gmt":"2025-04-30T08:28:08","slug":"pa-gang-i-vasteras","status":"publish","type":"page","link":"https:\/\/www.fmiv.nu\/wordpress\/?page_id=18167","title":{"rendered":"P\u00e5 g\u00e5ng i V\u00e4ster\u00e5s"},"content":{"rendered":"\n<p>Det h\u00e4r \u00e4r en programserie som best\u00e5r av kortare reportage som skildrar h\u00e4ndelser i V\u00e4ster\u00e5s. De avsnitt som tidigare s\u00e4nts \u00e4r:<\/p>\n\n\n\n<p>Ragge Jaggero ber\u00e4ttar om 100 \u00e5rs jubileet i V\u00e4ster\u00e5s d\u00e5 radioamat\u00f6rer ifr\u00e5n hela norden samlas i V\u00e4ster\u00e5s. Lyssna p\u00e5 intervjun och f\u00e5 en f\u00f6rsmak om vad som \u00e4r p\u00e5g\u00e5ng i v\u00e5r stad!<\/p>\n\n\n\n<figure class=\"wp-block-audio\"><audio controls src=\"https:\/\/www.fmiv.nu\/wordpress\/wp-content\/uploads\/2025\/04\/intervju-med-ragge-25-04-23-radiojubileet-poddversion.mp3\"><\/audio><\/figure>\n\n\n\n<figure class=\"wp-block-image size-full\"><a href=\"https:\/\/www.fmiv.nu\/wordpress\/wp-content\/uploads\/2025\/04\/Vasteras-radioklubb-collage-2.png\"><img loading=\"lazy\" decoding=\"async\" width=\"536\" height=\"386\" src=\"https:\/\/www.fmiv.nu\/wordpress\/wp-content\/uploads\/2025\/04\/Vasteras-radioklubb-collage-2.png\" alt=\"\" class=\"wp-image-19158\" srcset=\"https:\/\/www.fmiv.nu\/wordpress\/wp-content\/uploads\/2025\/04\/Vasteras-radioklubb-collage-2.png 536w, https:\/\/www.fmiv.nu\/wordpress\/wp-content\/uploads\/2025\/04\/Vasteras-radioklubb-collage-2-300x216.png 300w\" sizes=\"auto, (max-width: 536px) 100vw, 536px\" \/><\/a><\/figure>\n\n\n\n<p><strong>Elbilspol i V\u00e4ster\u00e5s och Kamus v\u00e5rkonsert.<\/strong> Kamus str\u00e5korkester har v\u00e5rkonsert i dagarna. I programmet f\u00e5r du ocks\u00e5 tr\u00e4ffa Johan Jenny Ehrenberg VD p\u00e5 ETC, samt personerna bakom Sveriges f\u00f6rsta elbilspol som finns h\u00e4r i V\u00e4ster\u00e5s.<\/p>\n\n\n\n<figure class=\"wp-block-audio\"><audio controls src=\"https:\/\/www.fmiv.nu\/wordpress\/wp-content\/uploads\/2025\/03\/Bilpool-Vasteras.mp3\"><\/audio><\/figure>\n\n\n\n<figure class=\"wp-block-image size-large\"><a href=\"https:\/\/www.fmiv.nu\/wordpress\/wp-content\/uploads\/2025\/03\/Collage-elbilspool-och-Kamus-forminskad.png\"><img loading=\"lazy\" decoding=\"async\" width=\"987\" height=\"1024\" src=\"https:\/\/www.fmiv.nu\/wordpress\/wp-content\/uploads\/2025\/03\/Collage-elbilspool-och-Kamus-forminskad-987x1024.png\" alt=\"\" class=\"wp-image-18956\" srcset=\"https:\/\/www.fmiv.nu\/wordpress\/wp-content\/uploads\/2025\/03\/Collage-elbilspool-och-Kamus-forminskad-987x1024.png 987w, https:\/\/www.fmiv.nu\/wordpress\/wp-content\/uploads\/2025\/03\/Collage-elbilspool-och-Kamus-forminskad-289x300.png 289w, https:\/\/www.fmiv.nu\/wordpress\/wp-content\/uploads\/2025\/03\/Collage-elbilspool-och-Kamus-forminskad-768x797.png 768w, https:\/\/www.fmiv.nu\/wordpress\/wp-content\/uploads\/2025\/03\/Collage-elbilspool-och-Kamus-forminskad.png 1072w\" sizes=\"auto, (max-width: 987px) 100vw, 987px\" \/><\/a><\/figure>\n\n\n\n<p>Intervju med Vincent, Global Living och Kent, skivb\u00f6rsen.<\/p>\n\n\n\n<figure class=\"wp-block-audio\"><audio controls src=\"https:\/\/www.fmiv.nu\/wordpress\/wp-content\/uploads\/2025\/02\/globalliving-25-02-25.mp3\"><\/audio><\/figure>\n\n\n\n<figure class=\"wp-block-gallery has-nested-images columns-default is-cropped wp-block-gallery-1 is-layout-flex wp-block-gallery-is-layout-flex\">\n<figure class=\"wp-block-image size-large\"><a href=\"https:\/\/www.fmiv.nu\/wordpress\/wp-content\/uploads\/2025\/02\/Global-living-collage.png\"><img loading=\"lazy\" decoding=\"async\" width=\"813\" height=\"1024\" data-id=\"18816\" src=\"https:\/\/www.fmiv.nu\/wordpress\/wp-content\/uploads\/2025\/02\/Global-living-collage-813x1024.png\" alt=\"\" class=\"wp-image-18816\" srcset=\"https:\/\/www.fmiv.nu\/wordpress\/wp-content\/uploads\/2025\/02\/Global-living-collage-813x1024.png 813w, https:\/\/www.fmiv.nu\/wordpress\/wp-content\/uploads\/2025\/02\/Global-living-collage-238x300.png 238w, https:\/\/www.fmiv.nu\/wordpress\/wp-content\/uploads\/2025\/02\/Global-living-collage-768x968.png 768w, https:\/\/www.fmiv.nu\/wordpress\/wp-content\/uploads\/2025\/02\/Global-living-collage-1219x1536.png 1219w, https:\/\/www.fmiv.nu\/wordpress\/wp-content\/uploads\/2025\/02\/Global-living-collage-1625x2048.png 1625w, https:\/\/www.fmiv.nu\/wordpress\/wp-content\/uploads\/2025\/02\/Global-living-collage.png 1800w\" sizes=\"auto, (max-width: 813px) 100vw, 813px\" \/><\/a><\/figure>\n<\/figure>\n\n\n\n<p>Kulturm\u00e4ssan p\u00e5 Karlsgatan 2. Intervju med Carlos Mor\u00e9n<\/p>\n\n\n\n<figure class=\"wp-block-audio\"><audio controls src=\"https:\/\/www.fmiv.nu\/wordpress\/wp-content\/uploads\/2025\/01\/Intervju-med-Carlos-Moren-25-01-06.mp3\"><\/audio><\/figure>\n\n\n\n<figure class=\"wp-block-image size-full\"><a href=\"https:\/\/www.fmiv.nu\/wordpress\/wp-content\/uploads\/2025\/01\/Collage-culturmassa.png\"><img loading=\"lazy\" decoding=\"async\" width=\"498\" height=\"498\" src=\"https:\/\/www.fmiv.nu\/wordpress\/wp-content\/uploads\/2025\/01\/Collage-culturmassa.png\" alt=\"\" class=\"wp-image-18581\" srcset=\"https:\/\/www.fmiv.nu\/wordpress\/wp-content\/uploads\/2025\/01\/Collage-culturmassa.png 498w, https:\/\/www.fmiv.nu\/wordpress\/wp-content\/uploads\/2025\/01\/Collage-culturmassa-300x300.png 300w, https:\/\/www.fmiv.nu\/wordpress\/wp-content\/uploads\/2025\/01\/Collage-culturmassa-150x150.png 150w\" sizes=\"auto, (max-width: 498px) 100vw, 498px\" \/><\/a><\/figure>\n\n\n\n<figure class=\"wp-block-audio\"><audio controls src=\"https:\/\/www.fmiv.nu\/wordpress\/wp-content\/uploads\/2024\/12\/Bevakning-av-Expandia-Vasterasrevyn-intervju-med-Irene-och-Hanna-Sangemark.mp3\"><\/audio><\/figure>\n\n\n\n<figure class=\"wp-block-image size-large is-resized\"><a href=\"https:\/\/www.fmiv.nu\/wordpress\/wp-content\/uploads\/2024\/12\/Collage-Expandia-och-Vasterasrevyn.png\"><img loading=\"lazy\" decoding=\"async\" width=\"1024\" height=\"887\" src=\"https:\/\/www.fmiv.nu\/wordpress\/wp-content\/uploads\/2024\/12\/Collage-Expandia-och-Vasterasrevyn-1024x887.png\" alt=\"\" class=\"wp-image-18357\" style=\"width:813px;height:auto\" srcset=\"https:\/\/www.fmiv.nu\/wordpress\/wp-content\/uploads\/2024\/12\/Collage-Expandia-och-Vasterasrevyn-1024x887.png 1024w, https:\/\/www.fmiv.nu\/wordpress\/wp-content\/uploads\/2024\/12\/Collage-Expandia-och-Vasterasrevyn-300x260.png 300w, https:\/\/www.fmiv.nu\/wordpress\/wp-content\/uploads\/2024\/12\/Collage-Expandia-och-Vasterasrevyn-768x665.png 768w, https:\/\/www.fmiv.nu\/wordpress\/wp-content\/uploads\/2024\/12\/Collage-Expandia-och-Vasterasrevyn-1536x1330.png 1536w, https:\/\/www.fmiv.nu\/wordpress\/wp-content\/uploads\/2024\/12\/Collage-Expandia-och-Vasterasrevyn-2048x1774.png 2048w\" sizes=\"auto, (max-width: 1024px) 100vw, 1024px\" \/><\/a><\/figure>\n\n\n\n<p><strong>Musikskolan p\u00e5 B\u00e4ckby <\/strong>V\u00e4ster\u00e5s kulturskola \u00e4r med och utvecklar B\u00e4ckby centrum. Lyssna p\u00e5 n\u00e4r Marie Sundin och Sanna Toth ber\u00e4ttar.<\/p>\n\n\n\n<figure class=\"wp-block-audio\"><audio controls src=\"https:\/\/www.fmiv.nu\/wordpress\/wp-content\/uploads\/2024\/11\/Kulturskolan-pa-Backby-241023-i-mono-komprimerad.mp3\"><\/audio><\/figure>\n\n\n\n<figure class=\"wp-block-image size-full is-resized\"><a href=\"https:\/\/www.fmiv.nu\/wordpress\/wp-content\/uploads\/2024\/11\/Bildcollage-backby-och-Marie-Sanna-miniatyr-1.png\"><img loading=\"lazy\" decoding=\"async\" width=\"450\" height=\"432\" src=\"https:\/\/www.fmiv.nu\/wordpress\/wp-content\/uploads\/2024\/11\/Bildcollage-backby-och-Marie-Sanna-miniatyr-1.png\" alt=\"\" class=\"wp-image-18180\" style=\"width:824px;height:auto\" srcset=\"https:\/\/www.fmiv.nu\/wordpress\/wp-content\/uploads\/2024\/11\/Bildcollage-backby-och-Marie-Sanna-miniatyr-1.png 450w, https:\/\/www.fmiv.nu\/wordpress\/wp-content\/uploads\/2024\/11\/Bildcollage-backby-och-Marie-Sanna-miniatyr-1-300x288.png 300w\" sizes=\"auto, (max-width: 450px) 100vw, 450px\" \/><\/a><\/figure>\n\n\n\n<p><\/p>\n\n\n\n<p>V\u00e4ster\u00e5s Litteraturfestival med Klaas och Erik Jersenius. d\u00e4r f\u00e5r du \u00e4ven lyssna till Magnus och Maj, som b\u00e5da tv\u00e5 f\u00f6retr\u00e4der ett skrivars\u00e4llskap i V\u00e4ster\u00e5s,<\/p>\n\n\n\n<figure class=\"wp-block-audio\"><audio controls src=\"https:\/\/www.fmiv.nu\/wordpress\/wp-content\/uploads\/2024\/11\/Intervju-med-Erik-Jersenius.mp3\"><\/audio><\/figure>\n\n\n\n<figure class=\"wp-block-gallery has-nested-images columns-default is-cropped wp-block-gallery-2 is-layout-flex wp-block-gallery-is-layout-flex\">\n<figure class=\"wp-block-image size-large\"><a href=\"https:\/\/www.fmiv.nu\/wordpress\/wp-content\/uploads\/2024\/11\/Vasteras-bibliotek-miniatyr-1.png\"><img loading=\"lazy\" decoding=\"async\" width=\"300\" height=\"277\" data-id=\"18170\" src=\"https:\/\/www.fmiv.nu\/wordpress\/wp-content\/uploads\/2024\/11\/Vasteras-bibliotek-miniatyr-1.png\" alt=\"\" class=\"wp-image-18170\"\/><\/a><\/figure>\n<\/figure>\n","protected":false},"excerpt":{"rendered":"<p>Det h\u00e4r \u00e4r en programserie som best\u00e5r av kortare reportage som skildrar h\u00e4ndelser i V\u00e4ster\u00e5s. De avsnitt som tidigare s\u00e4nts \u00e4r: Ragge Jaggero ber\u00e4ttar om 100 \u00e5rs jubileet i V\u00e4ster\u00e5s d\u00e5 radioamat\u00f6rer ifr\u00e5n hela norden samlas i V\u00e4ster\u00e5s. Lyssna p\u00e5 intervjun och f\u00e5 en f\u00f6rsmak om vad som \u00e4r p\u00e5g\u00e5ng i v\u00e5r stad! Elbilspol i&hellip;&nbsp;<a href=\"https:\/\/www.fmiv.nu\/wordpress\/?page_id=18167\" rel=\"bookmark\">Read More &raquo;<span class=\"screen-reader-text\">P\u00e5 g\u00e5ng i V\u00e4ster\u00e5s<\/span><\/a><\/p>\n","protected":false},"author":9,"featured_media":0,"parent":0,"menu_order":0,"comment_status":"closed","ping_status":"closed","template":"","meta":{"neve_meta_sidebar":"","neve_meta_container":"","neve_meta_enable_content_width":"","neve_meta_content_width":0,"neve_meta_title_alignment":"","neve_meta_author_avatar":"","neve_post_elements_order":"","neve_meta_disable_header":"","neve_meta_disable_footer":"","neve_meta_disable_title":"","neve_meta_reading_time":"","footnotes":""},"class_list":["post-18167","page","type-page","status-publish","hentry"],"_links":{"self":[{"href":"https:\/\/www.fmiv.nu\/wordpress\/index.php?rest_route=\/wp\/v2\/pages\/18167","targetHints":{"allow":["GET"]}}],"collection":[{"href":"https:\/\/www.fmiv.nu\/wordpress\/index.php?rest_route=\/wp\/v2\/pages"}],"about":[{"href":"https:\/\/www.fmiv.nu\/wordpress\/index.php?rest_route=\/wp\/v2\/types\/page"}],"author":[{"embeddable":true,"href":"https:\/\/www.fmiv.nu\/wordpress\/index.php?rest_route=\/wp\/v2\/users\/9"}],"replies":[{"embeddable":true,"href":"https:\/\/www.fmiv.nu\/wordpress\/index.php?rest_route=%2Fwp%2Fv2%2Fcomments&post=18167"}],"version-history":[{"count":16,"href":"https:\/\/www.fmiv.nu\/wordpress\/index.php?rest_route=\/wp\/v2\/pages\/18167\/revisions"}],"predecessor-version":[{"id":19162,"href":"https:\/\/www.fmiv.nu\/wordpress\/index.php?rest_route=\/wp\/v2\/pages\/18167\/revisions\/19162"}],"wp:attachment":[{"href":"https:\/\/www.fmiv.nu\/wordpress\/index.php?rest_route=%2Fwp%2Fv2%2Fmedia&parent=18167"}],"curies":[{"name":"wp","href":"https:\/\/api.w.org\/{rel}","templated":true}]}}