{"id":17577,"date":"2025-07-15T21:18:58","date_gmt":"2025-07-15T19:18:58","guid":{"rendered":"https:\/\/www.fmiv.nu\/wordpress\/?page_id=17577"},"modified":"2025-07-26T20:36:45","modified_gmt":"2025-07-26T18:36:45","slug":"red-dirt-country-hour-latlista","status":"publish","type":"page","link":"https:\/\/www.fmiv.nu\/wordpress\/?page_id=17577","title":{"rendered":"Red Dirt Country Hour, L\u00e5tlista"},"content":{"rendered":"\n<div class=\"wp-block-columns is-layout-flex wp-container-core-columns-is-layout-1 wp-block-columns-is-layout-flex\">\n<div class=\"wp-block-column is-layout-flow wp-block-column-is-layout-flow\">\n<h4 class=\"wp-block-heading has-neve-link-hover-color-color has-text-color has-link-color wp-elements-0fbaadcb59165782eb52940484e31fa8\"><span style=\"background-color:rgba(0, 0, 0, 0)\" class=\"has-inline-color has-neve-link-color-color\">L\u00e5tlista<\/span><br><span style=\"background-color:rgba(0, 0, 0, 0)\" class=\"has-inline-color has-neve-link-color-color\"><strong>Programmet den 2<\/strong><\/span>5-07-29<\/h4>\n\n\n\n<p>Hallsta Sura N\u00e4rradio p\u00e5 103,7 MHz<br>och www.radion.nu<br>Tisdag  kl 17:00<\/p>\n<\/div>\n\n\n\n<div class=\"wp-block-column is-layout-flow wp-block-column-is-layout-flow\">\n<div class=\"wp-block-group\"><div class=\"wp-block-group__inner-container is-layout-constrained wp-block-group-is-layout-constrained\">\n<h4 class=\"wp-block-heading has-nv-c-1-color has-text-color has-link-color wp-elements-17f49ebfcf176f78226f7a175c3231e5\" id=\"block-680b1c92-28dc-46aa-b696-b6fdd2a47fee\"><span style=\"background-color:rgba(0, 0, 0, 0)\" class=\"has-inline-color has-nv-c-1-color\"><strong>Tracklist<\/strong><br><strong>The programme on <\/strong><\/span>July 29<sup>th <\/sup><span style=\"background-color:rgba(0, 0, 0, 0)\" class=\"has-inline-color has-nv-c-1-color\"><strong><sup> <\/sup>2025, <sup> <\/sup><\/strong><\/span><\/h4>\n<\/div><\/div>\n\n\n\n<h6 class=\"wp-block-heading\" id=\"block-680b1c92-28dc-46aa-b696-b6fdd2a47fee\"><span style=\"background-color:rgba(0, 0, 0, 0)\" class=\"has-inline-color has-nv-c-1-color\"><strong> <\/strong><\/span>Tuesday at 17:00 (5 p.m. Local Time)<\/h6>\n<\/div>\n<\/div>\n\n\n\n<p><em>Dokumentet uppdaterad den <\/em>26 juli <em>2025  av&nbsp;<\/em><strong>Rolf Berglund&nbsp;<\/strong>\/&nbsp;<a href=\"mailto:%20reddirt@country4you.com\">reddirt@country4you.com<\/a><\/p>\n\n\n\n<p><br><em>L\u00e5tar i programmet:<\/em><\/p>\n\n\n\n<figure class=\"wp-block-table is-style-stripes\"><table class=\"has-nv-site-bg-background-color has-background\"><tbody><tr><td>1 Johnny Cash &#8211; Folsom Prison Blues   \/ \/ se Video sist p\u00e5 sidan<\/td><td><\/td><\/tr><tr><td>2. Dale Ann Bradley, Dave Adkins \u2013 Stop Draggin&#8217; My Heart Around<\/td><td><\/td><\/tr><tr><td>3. Daniel Ray Hilsinger; Sarianna Cortes \u2013 Bless My Heart<\/td><td><\/td><\/tr><tr><td>4 Luke Bryan \u2013 Huntin&#8217; Fishin&#8217; and Lovin&#8217; Every Day  \/  \/ Se video nedan<\/td><td><\/td><\/tr><tr><td>5 Kenny Chesney; Grace Potter \u2013 Wild Child<\/td><td><\/td><\/tr><tr><td>6. Jake Worthington \u2013 It Ain&#8217;t the Whiskey<\/td><td><\/td><\/tr><tr><td>7. Toby Keith \u2013 As Good As I Once Was  \/  Text : <a href=\"https:\/\/www.azlyrics.com\/lyrics\/tobykeith\/asgoodasioncewas.html\">Toby Keith &#8211; As Good As I Once Was Lyrics | AZLyrics.com<\/a><\/td><td><\/td><\/tr><tr><td>8. Miranda Lambert; Parker McCollum \u2013 Santa F\u00e9<\/td><td><\/td><\/tr><tr><td>9. Brad Paisley \u2013 Ticks   \/  \/  \/  Text : <a href=\"https:\/\/www.azlyrics.com\/lyrics\/bradpaisley\/ticks.html\">Brad Paisley &#8211; Ticks Lyrics | AZLyrics.com<\/a><\/td><td><\/td><\/tr><tr><td>10. Claude King \u2013 Wolverton Mountain  \/  \/ Text :  <a href=\"https:\/\/www.azlyrics.com\/lyrics\/hankwilliamsjr\/wolvertonmountain.html\">Hank Williams, Jr. &#8211; Wolverton Mountain Lyrics | AZLyrics.com<\/a><\/td><td><\/td><\/tr><tr><td>11 Eric Woodring \u2013 Goodbye Houston, Hello Halletsville<\/td><td><\/td><\/tr><tr><td>12 Tammy Wynette \u2013 D-I-V-O-R-C-E  \/  \/  Text  <a href=\"https:\/\/www.azlyrics.com\/lyrics\/tammywynette\/divorce.html\">Tammy Wynette &#8211; D-I-V-O-R-C-E Lyrics | AZLyrics.com<\/a><\/td><td><\/td><\/tr><tr><td>13. Emma Svenson \u2013 When You&#8217;re Gone<\/td><td><\/td><\/tr><tr><td>14. Gary P. Nunn \u2013 I Wasn&#8217;t Born in Texas<\/td><td><\/td><\/tr><tr><td>15 Alison Brown; Steve Martin; Tim O&#8217;Brian \u2013 5 Days Out 2 Days Back<\/td><td><\/td><\/tr><tr><td>16 Garth Brooks \u2013 That Summer  \/  \/  \/  Text <a href=\"https:\/\/www.azlyrics.com\/lyrics\/garthbrooks\/thatsummer.html\">Garth Brooks &#8211; That Summer Lyrics | AZLyrics.com<\/a><\/td><td><\/td><\/tr><tr><td>17. Alan Jackson &#8211; Don&#8217;t Rock the Jukebox  \/  \/  Se video nedan<\/td><td><\/td><\/tr><tr><td>18. George Strait \u2013 All My Ex&#8217;s Lives in Texas  \/  \/  Text : <a href=\"https:\/\/www.azlyrics.com\/lyrics\/georgestrait\/allmyexsliveintexas.html\">George Strait &#8211; All My Ex&#8217;s Live In Texas Lyrics | AZLyrics.com<\/a><\/td><td><\/td><\/tr><tr><td><\/td><td><\/td><\/tr><tr><td><\/td><td><\/td><\/tr><\/tbody><\/table><\/figure>\n\n\n\n<figure class=\"wp-block-embed is-type-video is-provider-youtube wp-block-embed-youtube wp-embed-aspect-4-3 wp-has-aspect-ratio\"><div class=\"wp-block-embed__wrapper\">\n<div class=\"nv-iframe-embed\"><iframe loading=\"lazy\" title=\"Alan Jackson - Don&#039;t Rock The Jukebox (Official Music Video)\" width=\"1200\" height=\"900\" src=\"https:\/\/www.youtube.com\/embed\/RMDq-MnpbTo?feature=oembed\" frameborder=\"0\" allow=\"accelerometer; autoplay; clipboard-write; encrypted-media; gyroscope; picture-in-picture; web-share\" referrerpolicy=\"strict-origin-when-cross-origin\" allowfullscreen><\/iframe><\/div>\n<\/div><\/figure>\n\n\n\n<figure class=\"wp-block-embed is-type-video is-provider-youtube wp-block-embed-youtube wp-embed-aspect-16-9 wp-has-aspect-ratio\"><div class=\"wp-block-embed__wrapper\">\n<div class=\"nv-iframe-embed\"><iframe loading=\"lazy\" title=\"Luke Bryan - Huntin\u2019, Fishin\u2019, And Lovin\u2019 Every Day (Official Music Video)\" width=\"1200\" height=\"675\" src=\"https:\/\/www.youtube.com\/embed\/6l3ukWqRU4s?feature=oembed\" frameborder=\"0\" allow=\"accelerometer; autoplay; clipboard-write; encrypted-media; gyroscope; picture-in-picture; web-share\" referrerpolicy=\"strict-origin-when-cross-origin\" allowfullscreen><\/iframe><\/div>\n<\/div><\/figure>\n\n\n\n<figure class=\"wp-block-embed is-type-video is-provider-youtube wp-block-embed-youtube wp-embed-aspect-4-3 wp-has-aspect-ratio\"><div class=\"wp-block-embed__wrapper\">\n<div class=\"nv-iframe-embed\"><iframe loading=\"lazy\" title=\"Johnny Cash - Folsom Prison Blues (San Quentin)\" width=\"1200\" height=\"900\" src=\"https:\/\/www.youtube.com\/embed\/7MSkQlZy5e0?feature=oembed\" frameborder=\"0\" allow=\"accelerometer; autoplay; clipboard-write; encrypted-media; gyroscope; picture-in-picture; web-share\" referrerpolicy=\"strict-origin-when-cross-origin\" allowfullscreen><\/iframe><\/div>\n<\/div><\/figure>\n","protected":false},"excerpt":{"rendered":"<p>L\u00e5tlistaProgrammet den 25-07-29 Hallsta Sura N\u00e4rradio p\u00e5 103,7 MHzoch www.radion.nuTisdag kl 17:00 TracklistThe programme on July 29th 2025, Tuesday at 17:00 (5 p.m. Local Time) Dokumentet uppdaterad den 26 juli 2025 av&nbsp;Rolf Berglund&nbsp;\/&nbsp;reddirt@country4you.com L\u00e5tar i programmet: 1 Johnny Cash &#8211; Folsom Prison Blues \/ \/ se Video sist p\u00e5 sidan 2. Dale Ann Bradley, Dave&hellip;&nbsp;<a href=\"https:\/\/www.fmiv.nu\/wordpress\/?page_id=17577\" rel=\"bookmark\">Read More &raquo;<span class=\"screen-reader-text\">Red Dirt Country Hour, L\u00e5tlista<\/span><\/a><\/p>\n","protected":false},"author":14,"featured_media":0,"parent":0,"menu_order":0,"comment_status":"closed","ping_status":"closed","template":"","meta":{"neve_meta_sidebar":"full-width","neve_meta_container":"full-width","neve_meta_enable_content_width":"","neve_meta_content_width":0,"neve_meta_title_alignment":"","neve_meta_author_avatar":"","neve_post_elements_order":"","neve_meta_disable_header":"","neve_meta_disable_footer":"","neve_meta_disable_title":"","neve_meta_reading_time":"","footnotes":""},"class_list":["post-17577","page","type-page","status-publish","hentry"],"_links":{"self":[{"href":"https:\/\/www.fmiv.nu\/wordpress\/index.php?rest_route=\/wp\/v2\/pages\/17577","targetHints":{"allow":["GET"]}}],"collection":[{"href":"https:\/\/www.fmiv.nu\/wordpress\/index.php?rest_route=\/wp\/v2\/pages"}],"about":[{"href":"https:\/\/www.fmiv.nu\/wordpress\/index.php?rest_route=\/wp\/v2\/types\/page"}],"author":[{"embeddable":true,"href":"https:\/\/www.fmiv.nu\/wordpress\/index.php?rest_route=\/wp\/v2\/users\/14"}],"replies":[{"embeddable":true,"href":"https:\/\/www.fmiv.nu\/wordpress\/index.php?rest_route=%2Fwp%2Fv2%2Fcomments&post=17577"}],"version-history":[{"count":69,"href":"https:\/\/www.fmiv.nu\/wordpress\/index.php?rest_route=\/wp\/v2\/pages\/17577\/revisions"}],"predecessor-version":[{"id":19598,"href":"https:\/\/www.fmiv.nu\/wordpress\/index.php?rest_route=\/wp\/v2\/pages\/17577\/revisions\/19598"}],"wp:attachment":[{"href":"https:\/\/www.fmiv.nu\/wordpress\/index.php?rest_route=%2Fwp%2Fv2%2Fmedia&parent=17577"}],"curies":[{"name":"wp","href":"https:\/\/api.w.org\/{rel}","templated":true}]}}