{"id":17373,"date":"2024-05-02T08:51:02","date_gmt":"2024-05-02T06:51:02","guid":{"rendered":"https:\/\/www.fmiv.nu\/wordpress\/?page_id=17373"},"modified":"2026-03-01T12:07:04","modified_gmt":"2026-03-01T11:07:04","slug":"allt-annat-an-pk","status":"publish","type":"page","link":"https:\/\/www.fmiv.nu\/wordpress\/?page_id=17373","title":{"rendered":"Allt annat \u00e4n PK"},"content":{"rendered":"\n<div class=\"wp-block-media-text is-stacked-on-mobile\" style=\"grid-template-columns:15% auto\"><figure class=\"wp-block-media-text__media\"><img loading=\"lazy\" decoding=\"async\" width=\"1024\" height=\"801\" src=\"https:\/\/www.fmiv.nu\/wordpress\/wp-content\/uploads\/2026\/02\/IMG_20251010_085822-1-1024x801.jpg\" alt=\"\" class=\"wp-image-20443 size-full\" srcset=\"https:\/\/www.fmiv.nu\/wordpress\/wp-content\/uploads\/2026\/02\/IMG_20251010_085822-1-1024x801.jpg 1024w, https:\/\/www.fmiv.nu\/wordpress\/wp-content\/uploads\/2026\/02\/IMG_20251010_085822-1-300x235.jpg 300w, https:\/\/www.fmiv.nu\/wordpress\/wp-content\/uploads\/2026\/02\/IMG_20251010_085822-1-768x601.jpg 768w, https:\/\/www.fmiv.nu\/wordpress\/wp-content\/uploads\/2026\/02\/IMG_20251010_085822-1-1536x1202.jpg 1536w, https:\/\/www.fmiv.nu\/wordpress\/wp-content\/uploads\/2026\/02\/IMG_20251010_085822-1.jpg 1797w\" sizes=\"auto, (max-width: 1024px) 100vw, 1024px\" \/><\/figure><div class=\"wp-block-media-text__content\">\n<p id=\"block-965034a0-f796-4ec3-a35f-9a2b78558ed4\">Det h\u00e4r \u00e4r en talkshow om allt m\u00f6jligt mellan himmel och jord. Varje avsnitt har ett \u00e4mne och samtalet kretsar aktuella samh\u00e4llsfr\u00e5gor. Programledare \u00e4r Sirrka och Sara och Moa som \u00e4r verksamma p\u00e5 amat\u00f6rteaterf\u00f6reningen Teater Oliver. <\/p>\n<\/div><\/div>\n\n\n\n<p>Avsnitt ett \u00e4r best\u00e5r av en tillbakablick \u00f6ver det g\u00e5gna \u00e5ret. Det s\u00e4nds onsdag den 25 februari kl 10 och kl 19.00 samt med en repris fredag 27 mars kl 11.00.<\/p>\n\n\n\n<p>Avsnitt tv\u00e5 s\u00e4nds 4 mars kl 10.00 och kl 19.00 samt med en repris fredag den 6 mars kl 11.00.<\/p>\n\n\n\n<p><\/p>\n\n\n\n<p><\/p>\n","protected":false},"excerpt":{"rendered":"<p>Det h\u00e4r \u00e4r en talkshow om allt m\u00f6jligt mellan himmel och jord. Varje avsnitt har ett \u00e4mne och samtalet kretsar aktuella samh\u00e4llsfr\u00e5gor. Programledare \u00e4r Sirrka och Sara och Moa som \u00e4r verksamma p\u00e5 amat\u00f6rteaterf\u00f6reningen Teater Oliver. Avsnitt ett \u00e4r best\u00e5r av en tillbakablick \u00f6ver det g\u00e5gna \u00e5ret. Det s\u00e4nds onsdag den 25 februari kl 10&hellip;&nbsp;<a href=\"https:\/\/www.fmiv.nu\/wordpress\/?page_id=17373\" rel=\"bookmark\">Read More &raquo;<span class=\"screen-reader-text\">Allt annat \u00e4n PK<\/span><\/a><\/p>\n","protected":false},"author":9,"featured_media":0,"parent":0,"menu_order":0,"comment_status":"closed","ping_status":"closed","template":"","meta":{"neve_meta_sidebar":"","neve_meta_container":"","neve_meta_enable_content_width":"","neve_meta_content_width":0,"neve_meta_title_alignment":"","neve_meta_author_avatar":"","neve_post_elements_order":"","neve_meta_disable_header":"","neve_meta_disable_footer":"","neve_meta_disable_title":"","neve_meta_reading_time":"","footnotes":""},"class_list":["post-17373","page","type-page","status-publish","hentry"],"_links":{"self":[{"href":"https:\/\/www.fmiv.nu\/wordpress\/index.php?rest_route=\/wp\/v2\/pages\/17373","targetHints":{"allow":["GET"]}}],"collection":[{"href":"https:\/\/www.fmiv.nu\/wordpress\/index.php?rest_route=\/wp\/v2\/pages"}],"about":[{"href":"https:\/\/www.fmiv.nu\/wordpress\/index.php?rest_route=\/wp\/v2\/types\/page"}],"author":[{"embeddable":true,"href":"https:\/\/www.fmiv.nu\/wordpress\/index.php?rest_route=\/wp\/v2\/users\/9"}],"replies":[{"embeddable":true,"href":"https:\/\/www.fmiv.nu\/wordpress\/index.php?rest_route=%2Fwp%2Fv2%2Fcomments&post=17373"}],"version-history":[{"count":17,"href":"https:\/\/www.fmiv.nu\/wordpress\/index.php?rest_route=\/wp\/v2\/pages\/17373\/revisions"}],"predecessor-version":[{"id":20488,"href":"https:\/\/www.fmiv.nu\/wordpress\/index.php?rest_route=\/wp\/v2\/pages\/17373\/revisions\/20488"}],"wp:attachment":[{"href":"https:\/\/www.fmiv.nu\/wordpress\/index.php?rest_route=%2Fwp%2Fv2%2Fmedia&parent=17373"}],"curies":[{"name":"wp","href":"https:\/\/api.w.org\/{rel}","templated":true}]}}