{"id":15881,"date":"2023-09-11T14:59:45","date_gmt":"2023-09-11T12:59:45","guid":{"rendered":"https:\/\/www.fmiv.nu\/wordpress\/?page_id=15881"},"modified":"2025-02-13T12:13:45","modified_gmt":"2025-02-13T11:13:45","slug":"vad-hander-pa-culturen","status":"publish","type":"page","link":"https:\/\/www.fmiv.nu\/wordpress\/?page_id=15881","title":{"rendered":"Vad h\u00e4nder p\u00e5 CuLTUREN?"},"content":{"rendered":"\n<p>CuLTUREN \u00e4r ett kulturhus som ligger p\u00e5 sinterv\u00e4gen 6 i V\u00e4ster\u00e5s. Programledare \u00e4r Klaas Vleugels. I detta nyhetsprogram program f\u00e5r du i varje avsnitt tr\u00e4ffa en g\u00e4st fr\u00e5n kulturhuset som ber\u00e4ttar mer om sin unika verksamhet som fyller CuLTUREN med inneh\u00e5ll, liv och r\u00f6relse. Du kan lyssna p\u00e5 alla avsnitt i efterhand.<\/p>\n\n\n\n<p>Operaf\u00f6rest\u00e4llningen Sn\u00f6hj\u00e4lten<\/p>\n\n\n\n<figure class=\"wp-block-image size-large\"><a href=\"https:\/\/www.fmiv.nu\/wordpress\/wp-content\/uploads\/2025\/02\/Markus-och-Sara-kraftigt-beskuren.jpg\"><img loading=\"lazy\" decoding=\"async\" width=\"1024\" height=\"916\" src=\"https:\/\/www.fmiv.nu\/wordpress\/wp-content\/uploads\/2025\/02\/Markus-och-Sara-kraftigt-beskuren-1024x916.jpg\" alt=\"\" class=\"wp-image-18765\" srcset=\"https:\/\/www.fmiv.nu\/wordpress\/wp-content\/uploads\/2025\/02\/Markus-och-Sara-kraftigt-beskuren-1024x916.jpg 1024w, https:\/\/www.fmiv.nu\/wordpress\/wp-content\/uploads\/2025\/02\/Markus-och-Sara-kraftigt-beskuren-300x268.jpg 300w, https:\/\/www.fmiv.nu\/wordpress\/wp-content\/uploads\/2025\/02\/Markus-och-Sara-kraftigt-beskuren-768x687.jpg 768w, https:\/\/www.fmiv.nu\/wordpress\/wp-content\/uploads\/2025\/02\/Markus-och-Sara-kraftigt-beskuren.jpg 1288w\" sizes=\"auto, (max-width: 1024px) 100vw, 1024px\" \/><\/a><\/figure>\n\n\n\n<figure class=\"wp-block-audio\"><audio controls src=\"https:\/\/www.fmiv.nu\/wordpress\/wp-content\/uploads\/2025\/02\/Snohjalten-4e-teatern-23-09-14-utan-programvinjett.mp3\"><\/audio><\/figure>\n\n\n\n<div class=\"wp-block-media-text is-stacked-on-mobile\"><figure class=\"wp-block-media-text__media\"><img loading=\"lazy\" decoding=\"async\" width=\"782\" height=\"660\" src=\"https:\/\/www.fmiv.nu\/wordpress\/wp-content\/uploads\/2024\/12\/Culturen-fasad-med-Ola-och-Racul.png\" alt=\"\" class=\"wp-image-18304 size-full\" srcset=\"https:\/\/www.fmiv.nu\/wordpress\/wp-content\/uploads\/2024\/12\/Culturen-fasad-med-Ola-och-Racul.png 782w, https:\/\/www.fmiv.nu\/wordpress\/wp-content\/uploads\/2024\/12\/Culturen-fasad-med-Ola-och-Racul-300x253.png 300w, https:\/\/www.fmiv.nu\/wordpress\/wp-content\/uploads\/2024\/12\/Culturen-fasad-med-Ola-och-Racul-768x648.png 768w\" sizes=\"auto, (max-width: 782px) 100vw, 782px\" \/><\/figure><div class=\"wp-block-media-text__content\">\n<p>&#8221;Det viktigaste \u00e4r att eleverna \u00e4r trygga&#8221; Det s\u00e4ger Ola Wauge som tillsammans med sin l\u00e4rarkollega Rasoul ber\u00e4ttar mer om sin verksamhet, Lyssna p\u00e5 reportaget ifr\u00e5n LUGNET som \u00e4r en del av Kopparlundsgymnasiet.<\/p>\n<\/div><\/div>\n\n\n\n<figure class=\"wp-block-audio\"><audio controls src=\"https:\/\/www.fmiv.nu\/wordpress\/wp-content\/uploads\/2024\/12\/Vad-hander-pa-culturen.wav\"><\/audio><\/figure>\n\n\n\n<p><\/p>\n\n\n\n<p>Lyssna p\u00e5 n\u00e4r Carlos Mor\u00e9n ber\u00e4ttar hj\u00e4rnan bakom Kulturm\u00e4ssan Filmfestivalen med mera ber\u00e4ttar om sina kulturprojekt. I podden finns \u00e4ven klipp ifr\u00e5n Kulturm\u00e4ssan som \u00e4gde rum p\u00e5 Karlsgatan 2 i \u00e5r.<\/p>\n\n\n\n<figure class=\"wp-block-audio\"><audio controls src=\"https:\/\/www.fmiv.nu\/wordpress\/wp-content\/uploads\/2024\/02\/Intervju-med-Carlos-Moren-och-klipp-ifran-kulturmassan-poddversion.mp3\"><\/audio><\/figure>\n\n\n\n<figure class=\"wp-block-image size-full\"><a href=\"https:\/\/www.fmiv.nu\/wordpress\/wp-content\/uploads\/2024\/02\/Collage-Carlsgatan-forminskad.png\"><img loading=\"lazy\" decoding=\"async\" width=\"2600\" height=\"1972\" src=\"https:\/\/www.fmiv.nu\/wordpress\/wp-content\/uploads\/2024\/02\/Collage-Carlsgatan-forminskad.png\" alt=\"\" class=\"wp-image-16995\"\/><\/a><\/figure>\n\n\n\n<figure class=\"wp-block-video\"><video controls src=\"https:\/\/www.fmiv.nu\/wordpress\/wp-content\/uploads\/2024\/01\/Intevju-med-Jose-Casa-del-fuego.mp4\"><\/video><figcaption class=\"wp-element-caption\">Intervju med Jos\u00e9 p\u00e5 Casa del Fuego<\/figcaption><\/figure>\n\n\n\n<figure class=\"wp-block-audio\"><audio controls src=\"https:\/\/www.fmiv.nu\/wordpress\/wp-content\/uploads\/2024\/01\/Casa-del-fuego-intervju-med-Jose-24-01-18-poddversion-1.mp3\"><\/audio><figcaption class=\"wp-element-caption\">Intervju med Jos\u00e9 som driver restaurangen Casa del Fuego<\/figcaption><\/figure>\n\n\n\n<figure class=\"wp-block-image size-large is-resized\"><a href=\"https:\/\/www.fmiv.nu\/wordpress\/wp-content\/uploads\/2023\/11\/Culturen-fasad-med-Henrik-1.png\"><img loading=\"lazy\" decoding=\"async\" width=\"1024\" height=\"487\" src=\"https:\/\/www.fmiv.nu\/wordpress\/wp-content\/uploads\/2023\/11\/Culturen-fasad-med-Henrik-1-1024x487.png\" alt=\"\" class=\"wp-image-16493\" style=\"width:512px;height:244px\" srcset=\"https:\/\/www.fmiv.nu\/wordpress\/wp-content\/uploads\/2023\/11\/Culturen-fasad-med-Henrik-1-1024x487.png 1024w, https:\/\/www.fmiv.nu\/wordpress\/wp-content\/uploads\/2023\/11\/Culturen-fasad-med-Henrik-1-300x143.png 300w, https:\/\/www.fmiv.nu\/wordpress\/wp-content\/uploads\/2023\/11\/Culturen-fasad-med-Henrik-1-768x365.png 768w, https:\/\/www.fmiv.nu\/wordpress\/wp-content\/uploads\/2023\/11\/Culturen-fasad-med-Henrik-1.png 1157w\" sizes=\"auto, (max-width: 1024px) 100vw, 1024px\" \/><\/a><\/figure>\n\n\n\n<figure class=\"wp-block-audio\"><audio controls src=\"https:\/\/www.fmiv.nu\/wordpress\/wp-content\/uploads\/2023\/11\/Oppna-Kanalen-poddversion-1.mp3\"><\/audio><figcaption class=\"wp-element-caption\">Avsnitt om \u00d6ppna Kanalen<\/figcaption><\/figure>\n\n\n\n<figure class=\"wp-block-image size-large is-resized\"><a href=\"https:\/\/www.fmiv.nu\/wordpress\/wp-content\/uploads\/2023\/11\/Culturen-fasad-med-Klaas-och-Desiree-1.png\"><img loading=\"lazy\" decoding=\"async\" width=\"1024\" height=\"487\" src=\"https:\/\/www.fmiv.nu\/wordpress\/wp-content\/uploads\/2023\/11\/Culturen-fasad-med-Klaas-och-Desiree-1-1024x487.png\" alt=\"\" class=\"wp-image-16401\" style=\"width:512px;height:244px\" srcset=\"https:\/\/www.fmiv.nu\/wordpress\/wp-content\/uploads\/2023\/11\/Culturen-fasad-med-Klaas-och-Desiree-1-1024x487.png 1024w, https:\/\/www.fmiv.nu\/wordpress\/wp-content\/uploads\/2023\/11\/Culturen-fasad-med-Klaas-och-Desiree-1-300x143.png 300w, https:\/\/www.fmiv.nu\/wordpress\/wp-content\/uploads\/2023\/11\/Culturen-fasad-med-Klaas-och-Desiree-1-768x365.png 768w, https:\/\/www.fmiv.nu\/wordpress\/wp-content\/uploads\/2023\/11\/Culturen-fasad-med-Klaas-och-Desiree-1.png 1157w\" sizes=\"auto, (max-width: 1024px) 100vw, 1024px\" \/><\/a><\/figure>\n\n\n\n<figure class=\"wp-block-audio\"><audio controls src=\"https:\/\/www.fmiv.nu\/wordpress\/wp-content\/uploads\/2023\/11\/4e-teatern-23-11-22-poddversion.mp3\"><\/audio><figcaption class=\"wp-element-caption\">Avsnitt om 4e teatern medverkande \u00e4r Desir\u00e9e, teaterproducent<\/figcaption><\/figure>\n\n\n\n<figure class=\"wp-block-image size-large is-resized\"><a href=\"https:\/\/www.fmiv.nu\/wordpress\/wp-content\/uploads\/2023\/11\/Culturen-fasad-med-Susanna-och-Klaas-2.png\"><img loading=\"lazy\" decoding=\"async\" width=\"1024\" height=\"487\" src=\"https:\/\/www.fmiv.nu\/wordpress\/wp-content\/uploads\/2023\/11\/Culturen-fasad-med-Susanna-och-Klaas-2-1024x487.png\" alt=\"\" class=\"wp-image-16337\" style=\"width:512px;height:244px\" srcset=\"https:\/\/www.fmiv.nu\/wordpress\/wp-content\/uploads\/2023\/11\/Culturen-fasad-med-Susanna-och-Klaas-2-1024x487.png 1024w, https:\/\/www.fmiv.nu\/wordpress\/wp-content\/uploads\/2023\/11\/Culturen-fasad-med-Susanna-och-Klaas-2-300x143.png 300w, https:\/\/www.fmiv.nu\/wordpress\/wp-content\/uploads\/2023\/11\/Culturen-fasad-med-Susanna-och-Klaas-2-768x365.png 768w, https:\/\/www.fmiv.nu\/wordpress\/wp-content\/uploads\/2023\/11\/Culturen-fasad-med-Susanna-och-Klaas-2.png 1157w\" sizes=\"auto, (max-width: 1024px) 100vw, 1024px\" \/><\/a><\/figure>\n\n\n\n<figure class=\"wp-block-audio\"><audio controls src=\"https:\/\/www.fmiv.nu\/wordpress\/wp-content\/uploads\/2023\/11\/Kopparlundsgymnasiet-23-11-16-poddversion.mp3\"><\/audio><figcaption class=\"wp-element-caption\">Avsnitt om Kopparlundsgymnasiet, medverkande \u00e4r rektor Susanna Hodin<\/figcaption><\/figure>\n\n\n\n<figure class=\"wp-block-image size-large is-resized\"><a href=\"https:\/\/www.fmiv.nu\/wordpress\/wp-content\/uploads\/2023\/11\/Culturen-fasad-med-Anette-och-Mats-miniatyr.png\"><img loading=\"lazy\" decoding=\"async\" width=\"1024\" height=\"487\" src=\"https:\/\/www.fmiv.nu\/wordpress\/wp-content\/uploads\/2023\/11\/Culturen-fasad-med-Anette-och-Mats-miniatyr-1024x487.png\" alt=\"\" class=\"wp-image-16243\" style=\"width:512px;height:244px\" srcset=\"https:\/\/www.fmiv.nu\/wordpress\/wp-content\/uploads\/2023\/11\/Culturen-fasad-med-Anette-och-Mats-miniatyr-1024x487.png 1024w, https:\/\/www.fmiv.nu\/wordpress\/wp-content\/uploads\/2023\/11\/Culturen-fasad-med-Anette-och-Mats-miniatyr-300x143.png 300w, https:\/\/www.fmiv.nu\/wordpress\/wp-content\/uploads\/2023\/11\/Culturen-fasad-med-Anette-och-Mats-miniatyr-768x365.png 768w, https:\/\/www.fmiv.nu\/wordpress\/wp-content\/uploads\/2023\/11\/Culturen-fasad-med-Anette-och-Mats-miniatyr.png 1157w\" sizes=\"auto, (max-width: 1024px) 100vw, 1024px\" \/><\/a><\/figure>\n\n\n\n<figure class=\"wp-block-audio\"><audio controls src=\"https:\/\/www.fmiv.nu\/wordpress\/wp-content\/uploads\/2023\/11\/Draothea-23-11-02-poddversion.mp3\"><\/audio><figcaption class=\"wp-element-caption\">Avsnitt med DraoThea, medverkande \u00e4r Mats och Anette<\/figcaption><\/figure>\n\n\n\n<figure class=\"wp-block-image size-large is-resized\"><a href=\"https:\/\/www.fmiv.nu\/wordpress\/wp-content\/uploads\/2023\/10\/Culturen-fasad-med-Helena-miniatyr-1.png\"><img loading=\"lazy\" decoding=\"async\" width=\"1024\" height=\"487\" src=\"https:\/\/www.fmiv.nu\/wordpress\/wp-content\/uploads\/2023\/10\/Culturen-fasad-med-Helena-miniatyr-1-1024x487.png\" alt=\"\" class=\"wp-image-16152\" style=\"width:512px;height:244px\" srcset=\"https:\/\/www.fmiv.nu\/wordpress\/wp-content\/uploads\/2023\/10\/Culturen-fasad-med-Helena-miniatyr-1-1024x487.png 1024w, https:\/\/www.fmiv.nu\/wordpress\/wp-content\/uploads\/2023\/10\/Culturen-fasad-med-Helena-miniatyr-1-300x143.png 300w, https:\/\/www.fmiv.nu\/wordpress\/wp-content\/uploads\/2023\/10\/Culturen-fasad-med-Helena-miniatyr-1-768x365.png 768w, https:\/\/www.fmiv.nu\/wordpress\/wp-content\/uploads\/2023\/10\/Culturen-fasad-med-Helena-miniatyr-1.png 1157w\" sizes=\"auto, (max-width: 1024px) 100vw, 1024px\" \/><\/a><\/figure>\n\n\n\n<figure class=\"wp-block-audio\"><audio controls src=\"https:\/\/www.fmiv.nu\/wordpress\/wp-content\/uploads\/2023\/10\/Lajvverkstaden-23-10-19-poddversion.mp3\"><\/audio><figcaption class=\"wp-element-caption\">Avsnitt med Helena Hageg\u00e5rd, verksamhetsledate p\u00e5<strong> Lajvverkstaden<\/strong><\/figcaption><\/figure>\n\n\n\n<figure class=\"wp-block-image size-large is-resized\"><a href=\"https:\/\/www.fmiv.nu\/wordpress\/wp-content\/uploads\/2023\/10\/Culturen-fasad-med-Rosan-miniatyr-1.png\"><img loading=\"lazy\" decoding=\"async\" width=\"1024\" height=\"487\" src=\"https:\/\/www.fmiv.nu\/wordpress\/wp-content\/uploads\/2023\/10\/Culturen-fasad-med-Rosan-miniatyr-1-1024x487.png\" alt=\"\" class=\"wp-image-16107\" style=\"width:512px;height:244px\" srcset=\"https:\/\/www.fmiv.nu\/wordpress\/wp-content\/uploads\/2023\/10\/Culturen-fasad-med-Rosan-miniatyr-1-1024x487.png 1024w, https:\/\/www.fmiv.nu\/wordpress\/wp-content\/uploads\/2023\/10\/Culturen-fasad-med-Rosan-miniatyr-1-300x143.png 300w, https:\/\/www.fmiv.nu\/wordpress\/wp-content\/uploads\/2023\/10\/Culturen-fasad-med-Rosan-miniatyr-1-768x365.png 768w, https:\/\/www.fmiv.nu\/wordpress\/wp-content\/uploads\/2023\/10\/Culturen-fasad-med-Rosan-miniatyr-1.png 1157w\" sizes=\"auto, (max-width: 1024px) 100vw, 1024px\" \/><\/a><\/figure>\n\n\n\n<figure class=\"wp-block-audio\"><audio controls src=\"https:\/\/www.fmiv.nu\/wordpress\/wp-content\/uploads\/2023\/10\/Elektra-bio-23-10-12-poddversion.mp3\"><\/audio><figcaption class=\"wp-element-caption\">I detta avsnitt f\u00e5r du tr\u00e4ffa Rosan Fried som arbetar p\u00e5 Elektra Bio. Hon ber\u00e4ttar om verksamheten och om det stundande 30 \u00e5rs jubileet, helgen den 13 &#8211; 15 oktober.<\/figcaption><\/figure>\n\n\n\n<p>Video d\u00e5 Rosan Fried ber\u00e4ttar mer om Elektra bio och deras 30 \u00e5rs jubileum. kommande helg.<\/p>\n\n\n\n<figure class=\"wp-block-video\"><video controls src=\"https:\/\/www.fmiv.nu\/wordpress\/wp-content\/uploads\/2023\/10\/Rosan-berattar-om-35-ars-jubileet.mp4\"><\/video><\/figure>\n\n\n\n<figure class=\"wp-block-image size-large\"><a href=\"https:\/\/www.fmiv.nu\/wordpress\/wp-content\/uploads\/2023\/09\/Culturen-fasad-med-Isa-miniatyr-1.png\"><img loading=\"lazy\" decoding=\"async\" width=\"480\" height=\"220\" src=\"https:\/\/www.fmiv.nu\/wordpress\/wp-content\/uploads\/2023\/09\/Culturen-fasad-med-Isa-miniatyr-1.png\" alt=\"\" class=\"wp-image-16014\" srcset=\"https:\/\/www.fmiv.nu\/wordpress\/wp-content\/uploads\/2023\/09\/Culturen-fasad-med-Isa-miniatyr-1.png 480w, https:\/\/www.fmiv.nu\/wordpress\/wp-content\/uploads\/2023\/09\/Culturen-fasad-med-Isa-miniatyr-1-300x138.png 300w\" sizes=\"auto, (max-width: 480px) 100vw, 480px\" \/><\/a><\/figure>\n\n\n\n<figure class=\"wp-block-audio\"><audio controls src=\"https:\/\/www.fmiv.nu\/wordpress\/wp-content\/uploads\/2023\/09\/Casa-del-Fuego-poddversion.mp3\"><\/audio><figcaption class=\"wp-element-caption\">Isa El-Zein &#8211; Casa del Fuego<\/figcaption><\/figure>\n\n\n\n<figure class=\"wp-block-embed is-type-video is-provider-youtube wp-block-embed-youtube wp-embed-aspect-16-9 wp-has-aspect-ratio\"><div class=\"wp-block-embed__wrapper\">\n<div class=\"nv-iframe-embed\"><iframe loading=\"lazy\" title=\"Isa ber\u00e4ttar om kommande event p\u00e5 Casa del Fuego.\" width=\"1200\" height=\"675\" src=\"https:\/\/www.youtube.com\/embed\/kYyV9Z2Qc_Y?feature=oembed\" frameborder=\"0\" allow=\"accelerometer; autoplay; clipboard-write; encrypted-media; gyroscope; picture-in-picture; web-share\" referrerpolicy=\"strict-origin-when-cross-origin\" allowfullscreen><\/iframe><\/div>\n<\/div><\/figure>\n\n\n\n<figure class=\"wp-block-image size-large is-resized\"><a href=\"https:\/\/www.fmiv.nu\/wordpress\/wp-content\/uploads\/2023\/09\/Culturen-fasad-med-Anders-miniatyr.png\"><img loading=\"lazy\" decoding=\"async\" width=\"480\" height=\"220\" src=\"https:\/\/www.fmiv.nu\/wordpress\/wp-content\/uploads\/2023\/09\/Culturen-fasad-med-Anders-miniatyr.png\" alt=\"\" class=\"wp-image-15911\" style=\"width:360px;height:165px\" srcset=\"https:\/\/www.fmiv.nu\/wordpress\/wp-content\/uploads\/2023\/09\/Culturen-fasad-med-Anders-miniatyr.png 480w, https:\/\/www.fmiv.nu\/wordpress\/wp-content\/uploads\/2023\/09\/Culturen-fasad-med-Anders-miniatyr-300x138.png 300w\" sizes=\"auto, (max-width: 480px) 100vw, 480px\" \/><\/a><\/figure>\n\n\n\n<figure class=\"wp-block-audio\"><audio controls src=\"https:\/\/www.fmiv.nu\/wordpress\/wp-content\/uploads\/2023\/09\/4e-teatern-23-09-14-poddversion.mp3\"><\/audio><figcaption class=\"wp-element-caption\">Anders Flodstr\u00f6m &#8211; 4:e teatern<\/figcaption><\/figure>\n\n\n\n<p><\/p>\n","protected":false},"excerpt":{"rendered":"<p>CuLTUREN \u00e4r ett kulturhus som ligger p\u00e5 sinterv\u00e4gen 6 i V\u00e4ster\u00e5s. Programledare \u00e4r Klaas Vleugels. I detta nyhetsprogram program f\u00e5r du i varje avsnitt tr\u00e4ffa en g\u00e4st fr\u00e5n kulturhuset som ber\u00e4ttar mer om sin unika verksamhet som fyller CuLTUREN med inneh\u00e5ll, liv och r\u00f6relse. Du kan lyssna p\u00e5 alla avsnitt i efterhand. Operaf\u00f6rest\u00e4llningen Sn\u00f6hj\u00e4lten &#8221;Det&hellip;&nbsp;<a href=\"https:\/\/www.fmiv.nu\/wordpress\/?page_id=15881\" rel=\"bookmark\">Read More &raquo;<span class=\"screen-reader-text\">Vad h\u00e4nder p\u00e5 CuLTUREN?<\/span><\/a><\/p>\n","protected":false},"author":9,"featured_media":0,"parent":0,"menu_order":0,"comment_status":"closed","ping_status":"closed","template":"","meta":{"neve_meta_sidebar":"full-width","neve_meta_container":"","neve_meta_enable_content_width":"on","neve_meta_content_width":100,"neve_meta_title_alignment":"","neve_meta_author_avatar":"","neve_post_elements_order":"","neve_meta_disable_header":"","neve_meta_disable_footer":"","neve_meta_disable_title":"","neve_meta_reading_time":"","footnotes":""},"class_list":["post-15881","page","type-page","status-publish","hentry"],"_links":{"self":[{"href":"https:\/\/www.fmiv.nu\/wordpress\/index.php?rest_route=\/wp\/v2\/pages\/15881","targetHints":{"allow":["GET"]}}],"collection":[{"href":"https:\/\/www.fmiv.nu\/wordpress\/index.php?rest_route=\/wp\/v2\/pages"}],"about":[{"href":"https:\/\/www.fmiv.nu\/wordpress\/index.php?rest_route=\/wp\/v2\/types\/page"}],"author":[{"embeddable":true,"href":"https:\/\/www.fmiv.nu\/wordpress\/index.php?rest_route=\/wp\/v2\/users\/9"}],"replies":[{"embeddable":true,"href":"https:\/\/www.fmiv.nu\/wordpress\/index.php?rest_route=%2Fwp%2Fv2%2Fcomments&post=15881"}],"version-history":[{"count":40,"href":"https:\/\/www.fmiv.nu\/wordpress\/index.php?rest_route=\/wp\/v2\/pages\/15881\/revisions"}],"predecessor-version":[{"id":18770,"href":"https:\/\/www.fmiv.nu\/wordpress\/index.php?rest_route=\/wp\/v2\/pages\/15881\/revisions\/18770"}],"wp:attachment":[{"href":"https:\/\/www.fmiv.nu\/wordpress\/index.php?rest_route=%2Fwp%2Fv2%2Fmedia&parent=15881"}],"curies":[{"name":"wp","href":"https:\/\/api.w.org\/{rel}","templated":true}]}}