{"id":11358,"date":"2021-02-26T10:23:24","date_gmt":"2021-02-26T09:23:24","guid":{"rendered":"http:\/\/www.fmiv.nu\/wordpress\/?page_id=11358"},"modified":"2026-05-05T09:03:42","modified_gmt":"2026-05-05T07:03:42","slug":"valkommen-till-fmiv","status":"publish","type":"page","link":"https:\/\/www.fmiv.nu\/wordpress\/","title":{"rendered":"V\u00e4lkommen till V\u00e4ster\u00e5s N\u00e4rradio"},"content":{"rendered":"\n<h6 class=\"wp-block-heading\" style=\"font-size:12px\">Sidan sponsras av <a href=\"https:\/\/web-it.nu\/\" target=\"_blank\" rel=\"noopener\">Web IT Solutions<\/a><\/h6>\n\n\n\n<!--more-->\n\n\n<div class=\"wp-block-image\">\n<figure class=\"aligncenter size-full is-resized\"><a href=\"https:\/\/sstream.ueteknik.se\/public\/fmiv\"><img loading=\"lazy\" decoding=\"async\" width=\"572\" height=\"380\" src=\"https:\/\/www.fmiv.nu\/wordpress\/wp-content\/uploads\/2025\/04\/tecknad-radio.png\" alt=\"\" class=\"wp-image-19105\" style=\"width:244px;height:auto\" srcset=\"https:\/\/www.fmiv.nu\/wordpress\/wp-content\/uploads\/2025\/04\/tecknad-radio.png 572w, https:\/\/www.fmiv.nu\/wordpress\/wp-content\/uploads\/2025\/04\/tecknad-radio-300x199.png 300w\" sizes=\"auto, (max-width: 572px) 100vw, 572px\" \/><\/a><\/figure><\/div>\n\n\n<p class=\"has-text-color has-link-color has-medium-font-size wp-elements-e8e77610e6d2e84d8e7bb4d2a119acbb\" style=\"color:#0099cc\"><\/p>\n\n\n\n<p class=\"has-text-color has-link-color wp-elements-2053f91c18ee8fda753f14c37d7ff145\" style=\"color:#0099cc\"><\/p>\n\n\n\n<p class=\"has-text-align-center has-nv-dark-bg-color has-text-color has-link-color wp-elements-f3364fd9969780b9d2d26ebb1e31edd5\" style=\"font-size:15px\">Folkr\u00f6relsernas Medief\u00f6rening i V\u00e4ster\u00e5s, (FMiV) \u00e4r en ideell f\u00f6rening som s\u00e4nder n\u00e4rradio i V\u00e4ster\u00e5s. Radion s\u00e4nder varje dag mellan kl 05.00 och 22.00 p\u00e5 frekvensen 93,7 MHz och p\u00e5 webben. Det h\u00e4r \u00e4r en radiostation d\u00e4r <em>just du<\/em> har m\u00f6jlighet att g\u00f6ra egna program och s\u00e4nda dem i v\u00e5r radiokanal. F\u00f6r mer information om radiostationen klicka <a href=\"https:\/\/www.fmiv.nu\/wordpress\/?page_id=6350\">h\u00e4r<\/a>.<\/p>\n\n\n\n<p class=\"has-text-align-center\" style=\"font-size:15px\">Genom att klicka p\u00e5 den svarta knappen l\u00e4ngst upp till v\u00e4nster kan du lyssna p\u00e5 v\u00e5ra webbs\u00e4ndningar.<\/p>\n\n\n\n<p class=\"has-text-align-center\" style=\"font-size:15px\">\u00c4r du intresserad av att boka radiostudion, klicka d\u00e5 <a href=\"https:\/\/drive.google.com\/drive\/folders\/1ztCbJUqtSGVuWROBnkvdzv4ZgV9bMK9M?usp=sharing\">h\u00e4r!<\/a><\/p>\n\n\n\n<p class=\"has-text-align-center\" style=\"font-size:15px\">Du kommer till v\u00e5r s\u00e4ndningstabl\u00e5 genom att klicka <a href=\"https:\/\/www.fmiv.nu\/wordpress\/?page_id=10689\" target=\"_blank\" rel=\"noreferrer noopener\">h\u00e4r<\/a><\/p>\n\n\n\n<p><\/p>\n\n\n\n<div class=\"wp-block-columns is-layout-flex wp-container-core-columns-is-layout-1 wp-block-columns-is-layout-flex\">\n<div class=\"wp-block-column is-vertically-aligned-top is-layout-flow wp-block-column-is-layout-flow\" style=\"flex-basis:66.66%\"><\/div>\n<\/div>\n","protected":false},"excerpt":{"rendered":"<p>Sidan sponsras av Web IT Solutions<\/p>\n","protected":false},"author":9,"featured_media":0,"parent":0,"menu_order":0,"comment_status":"closed","ping_status":"closed","template":"","meta":{"neve_meta_sidebar":"","neve_meta_container":"","neve_meta_enable_content_width":"","neve_meta_content_width":0,"neve_meta_title_alignment":"","neve_meta_author_avatar":"","neve_post_elements_order":"","neve_meta_disable_header":"","neve_meta_disable_footer":"","neve_meta_disable_title":"","neve_meta_reading_time":"","footnotes":""},"class_list":["post-11358","page","type-page","status-publish","hentry"],"_links":{"self":[{"href":"https:\/\/www.fmiv.nu\/wordpress\/index.php?rest_route=\/wp\/v2\/pages\/11358","targetHints":{"allow":["GET"]}}],"collection":[{"href":"https:\/\/www.fmiv.nu\/wordpress\/index.php?rest_route=\/wp\/v2\/pages"}],"about":[{"href":"https:\/\/www.fmiv.nu\/wordpress\/index.php?rest_route=\/wp\/v2\/types\/page"}],"author":[{"embeddable":true,"href":"https:\/\/www.fmiv.nu\/wordpress\/index.php?rest_route=\/wp\/v2\/users\/9"}],"replies":[{"embeddable":true,"href":"https:\/\/www.fmiv.nu\/wordpress\/index.php?rest_route=%2Fwp%2Fv2%2Fcomments&post=11358"}],"version-history":[{"count":310,"href":"https:\/\/www.fmiv.nu\/wordpress\/index.php?rest_route=\/wp\/v2\/pages\/11358\/revisions"}],"predecessor-version":[{"id":20806,"href":"https:\/\/www.fmiv.nu\/wordpress\/index.php?rest_route=\/wp\/v2\/pages\/11358\/revisions\/20806"}],"wp:attachment":[{"href":"https:\/\/www.fmiv.nu\/wordpress\/index.php?rest_route=%2Fwp%2Fv2%2Fmedia&parent=11358"}],"curies":[{"name":"wp","href":"https:\/\/api.w.org\/{rel}","templated":true}]}}