{"id":10689,"date":"2020-08-17T13:10:07","date_gmt":"2020-08-17T11:10:07","guid":{"rendered":"http:\/\/www.fmiv.nu\/wordpress\/?page_id=10689"},"modified":"2026-04-17T08:26:16","modified_gmt":"2026-04-17T06:26:16","slug":"radiotabla","status":"publish","type":"page","link":"https:\/\/www.fmiv.nu\/wordpress\/?page_id=10689","title":{"rendered":"Programtabl\u00e5"},"content":{"rendered":"\n<figure class=\"wp-block-image size-large\"><a href=\"https:\/\/www.fmiv.nu\/wordpress\/wp-content\/uploads\/2022\/11\/SPLPowered-4.png\"><img loading=\"lazy\" decoding=\"async\" width=\"88\" height=\"31\" src=\"https:\/\/www.fmiv.nu\/wordpress\/wp-content\/uploads\/2022\/11\/SPLPowered-4.png\" alt=\"\" class=\"wp-image-14281\"\/><\/a><\/figure>\n\n\n\n<p>Radiotabl\u00e5n l\u00f6per fr\u00e5n tisdag till m\u00e5ndagen veckan d\u00e4rp\u00e5. D\u00e5 n\u00e4rradion inte s\u00e4nder program spelas en musikslinga. Varje morgon mellan 05.00 och 09.00 spelas dessutom en musikslinga med klassisk musik om inget annat st\u00e5r i programtabl\u00e5n.<strong><span style=\"text-decoration: underline;\"><\/span><\/strong> <strong><span style=\"text-decoration: underline;\"><\/span><\/strong><\/p>\n\n\n\n<h5 class=\"wp-block-heading\"><span style=\"text-decoration: underline;\"><strong><u>Tisdag<\/u> 14 april<\/strong><\/span><\/h5>\n\n\n\n<p>19.00 &#8211; 19.26 <strong>Improradioteatern<\/strong> M\u00f6t T\u00e5mas Persson och hans g\u00e4ng i en rond teaterimprovisation.<\/p>\n\n\n\n<p>20.00 &#8211; 21.00 <strong>Hog Farm <\/strong>Anders Altzarfeldt v\u00e4ljer och vrakar bland musikinspelningar gjorda av lokala band. Idag \u00e4r det dags f\u00f6r avsnitt fyra. F\u00f6r mer information klicka <a href=\"https:\/\/www.fmiv.nu\/wordpress\/?page_id=20284\">h\u00e4r<\/a>.<\/p>\n\n\n\n<h5 class=\"wp-block-heading\"><strong><span style=\"text-decoration: underline;\">Onsdag 15 april<\/span><\/strong><\/h5>\n\n\n\n<p>19.00 &#8211; 22.00 <strong>Rock&#8217;n&#8217;roll slinga.<\/strong> Njut av tv\u00e5 timmar med musik ifr\u00e5n 50- och 60 talet. Sj\u00e4lvklart spelas musik av de tv\u00e5 st\u00f6rsta och mest popul\u00e4ra fr\u00e5n den h\u00e4r tiden; Elvis Presley och The Beatels.<\/p>\n\n\n\n<h5 class=\"wp-block-heading\"><strong><span style=\"text-decoration: underline;\">Torsdag 16<strong><span style=\"text-decoration: underline;\"> april<\/span><\/strong><\/span><\/strong><\/h5>\n\n\n\n<h5 class=\"wp-block-heading\"><span style=\"text-decoration: underline;\"><strong>Fredag 17 <strong><span style=\"text-decoration: underline;\">april<\/span><\/strong><\/strong><\/span><\/h5>\n\n\n\n<p>11.00 \u2013 11.17 <strong>Allt annat \u00e4n PK <\/strong>repris i fr\u00e5n onsdagen.<\/p>\n\n\n\n<p>18.00 &#8211; 18.45 (ungef\u00e4rliga tider) <strong>Schlagermusik<\/strong> Lyssna p\u00e5 \u00f6rh\u00e4ngen av till exempel Sylvia Wrethammar, Karl Gerhard,<strong> <\/strong>Povel Ramel, Sigge F\u00fcrst med fler.<\/p>\n\n\n\n<p>19.00 \u2013 20.00 <strong>Radio Nord Revival <\/strong>I b\u00f6rjan av 60 talet s\u00e4ndes radio ifr\u00e5n skeppet <strong>Bonjour.<\/strong> Bonjour var utplacerad i \u00d6stersj\u00f6n p\u00e5 internationellt vatten och d\u00e4rmed lyckades man kringg\u00e5 regler om s\u00e4ndningstillst\u00e5nd. Men tyv\u00e4rr tvingades radiostationen st\u00e4nga p\u00e5 grund av en nya lagar som inf\u00f6rdes i Sverige under den h\u00e4r tiden. S\u00e4ndningarna finns bevarade och du f\u00e5r under en timme h\u00f6ra hur det l\u00e4t i radiokanalen. Programmet best\u00e5r av musik, jinglar och reklam (fr\u00e5n 60 talet).<\/p>\n\n\n\n<h5 class=\"wp-block-heading\"><span style=\"text-decoration: underline;\"><strong>L\u00f6rdag 18<strong><span style=\"text-decoration: underline;\"> april<\/span><\/strong><\/strong><\/span><\/h5>\n\n\n\n<p>16.00 \u2013 17.00<strong> Red dirt Country hour<\/strong> Jorden i \u00f6stra Oklahoma och Nordligaste Texas \u00e4r r\u00f6d och d\u00e4rf\u00f6r kallas countrymusik d\u00e4rifr\u00e5n f\u00f6r Red Dirt Country. I programmet spelas gammal och ny musik fr\u00e5n Texas, Oklahoma och Nashville men med inslag av Countrymusik fr\u00e5n andra stater\/l\u00e4nder och Sverige. H\u00e4r hittar du l\u00e5tlista och mer info <a href=\"https:\/\/www.fmiv.nu\/wordpress\/?p=18548\">Red Dirt Country Hour<\/a>. Synpunkter p\u00e5 programmet kan du mejla till <a href=\"mailto:reddirt@country4you.com\"><strong>reddirt@country4you.com<\/strong><\/a><\/p>\n\n\n\n<p>17.00 &#8211; 17.27 <strong>Improradioteatern<\/strong> M\u00f6t T\u00e5mas Persson och hans g\u00e4ng i en rond teaterimprovisation.<\/p>\n\n\n\n<h5 class=\"wp-block-heading\"><span style=\"text-decoration: underline;\"><strong>S\u00f6ndag 19<strong><span style=\"text-decoration: underline;\"> april<\/span><\/strong><\/strong><\/span><\/h5>\n\n\n\n<p>19.00 &#8211; 20.00 <strong>Hog Farm <\/strong>Anders Altzarfeldt v\u00e4ljer och vrakar bland musikinspelningar gjorda av lokala band. Repris ifr\u00e5n i m\u00e5ndags. F\u00f6r mer information klicka <a href=\"https:\/\/www.fmiv.nu\/wordpress\/?page_id=20284\">h\u00e4r<\/a>.<\/p>\n\n\n\n<p>20.00 &#8211; 21.00 <strong>DRMT \u2013 Den r\u00f6da musik tr\u00e5den<\/strong> med Anders Altzarfeldt. Varje program har en genomg\u00e5ende r\u00f6d tr\u00e5d. F\u00f6r mer information klicka <a href=\"https:\/\/www.fmiv.nu\/wordpress\/?page_id=20333\">h\u00e4r<\/a>.<\/p>\n\n\n\n<h5 class=\"wp-block-heading\"><span style=\"text-decoration: underline;\"><strong>M\u00e5ndag 20<strong><span style=\"text-decoration: underline;\"> april<\/span><\/strong><\/strong><\/span><\/h5>\n\n\n\n<p>20.00 &#8211; 21.00 <strong>DRMT \u2013 Den r\u00f6da musik tr\u00e5den<\/strong> med Anders Altzarfeldt. Varje program har en genomg\u00e5ende r\u00f6d tr\u00e5d. F\u00f6r mer information klicka <a href=\"https:\/\/www.fmiv.nu\/wordpress\/?page_id=20333\">h\u00e4r<\/a>.<br><\/p>\n","protected":false},"excerpt":{"rendered":"<p>Radiotabl\u00e5n l\u00f6per fr\u00e5n tisdag till m\u00e5ndagen veckan d\u00e4rp\u00e5. D\u00e5 n\u00e4rradion inte s\u00e4nder program spelas en musikslinga. Varje morgon mellan 05.00 och 09.00 spelas dessutom en musikslinga med klassisk musik om inget annat st\u00e5r i programtabl\u00e5n. Tisdag 14 april 19.00 &#8211; 19.26 Improradioteatern M\u00f6t T\u00e5mas Persson och hans g\u00e4ng i en rond teaterimprovisation. 20.00 &#8211; 21.00&hellip;&nbsp;<a href=\"https:\/\/www.fmiv.nu\/wordpress\/?page_id=10689\" rel=\"bookmark\">Read More &raquo;<span class=\"screen-reader-text\">Programtabl\u00e5<\/span><\/a><\/p>\n","protected":false},"author":9,"featured_media":0,"parent":0,"menu_order":0,"comment_status":"closed","ping_status":"closed","template":"","meta":{"neve_meta_sidebar":"","neve_meta_container":"","neve_meta_enable_content_width":"","neve_meta_content_width":0,"neve_meta_title_alignment":"","neve_meta_author_avatar":"","neve_post_elements_order":"","neve_meta_disable_header":"","neve_meta_disable_footer":"","neve_meta_disable_title":"","neve_meta_reading_time":"","footnotes":""},"class_list":["post-10689","page","type-page","status-publish","hentry"],"_links":{"self":[{"href":"https:\/\/www.fmiv.nu\/wordpress\/index.php?rest_route=\/wp\/v2\/pages\/10689","targetHints":{"allow":["GET"]}}],"collection":[{"href":"https:\/\/www.fmiv.nu\/wordpress\/index.php?rest_route=\/wp\/v2\/pages"}],"about":[{"href":"https:\/\/www.fmiv.nu\/wordpress\/index.php?rest_route=\/wp\/v2\/types\/page"}],"author":[{"embeddable":true,"href":"https:\/\/www.fmiv.nu\/wordpress\/index.php?rest_route=\/wp\/v2\/users\/9"}],"replies":[{"embeddable":true,"href":"https:\/\/www.fmiv.nu\/wordpress\/index.php?rest_route=%2Fwp%2Fv2%2Fcomments&post=10689"}],"version-history":[{"count":1892,"href":"https:\/\/www.fmiv.nu\/wordpress\/index.php?rest_route=\/wp\/v2\/pages\/10689\/revisions"}],"predecessor-version":[{"id":20728,"href":"https:\/\/www.fmiv.nu\/wordpress\/index.php?rest_route=\/wp\/v2\/pages\/10689\/revisions\/20728"}],"wp:attachment":[{"href":"https:\/\/www.fmiv.nu\/wordpress\/index.php?rest_route=%2Fwp%2Fv2%2Fmedia&parent=10689"}],"curies":[{"name":"wp","href":"https:\/\/api.w.org\/{rel}","templated":true}]}}